{"id":4198,"date":"2022-02-23T22:20:26","date_gmt":"2022-02-23T22:20:26","guid":{"rendered":"https:\/\/morenovenier.com.ar\/shop\/?post_type=product&#038;p=4198"},"modified":"2026-04-24T12:29:32","modified_gmt":"2026-04-24T12:29:32","slug":"bobina-toalla-papel","status":"publish","type":"product","link":"https:\/\/morenovenier.com.ar\/shop\/producto\/bobina-toalla-papel\/","title":{"rendered":"Bobina Toalla Papel"},"content":{"rendered":"<p>Bobina Toalla de Papel Industrial. Color Blanca. Absorbente.<\/p>\n<div id=\"jF98jZnUihIF0BemKeME\"><\/div>\n<p>Presentaci\u00f3n: Paquete 2 Bobinas.<\/p>\n<p lang=\"da-DK\" id=\"toZUHQiNaOgz\">Vidste du, at en sund livsstil kan forl\u00e6nge din forventede livsalder? Forskning viser, at regelm\u00e6ssig motion og en balanceret kost er afg\u00f8rende for at opretholde et godt helbred. Desuden kan stressh\u00e5ndtering og tilstr\u00e6kkelig s\u00f8vn spille en vigtig rolle i at forebygge kroniske sygdomme. Hvis du \u00f8nsker at vide mere om, hvordan du kan optimere dit helbred, kan du finde interessante oplysninger her: <a href=\"https:\/\/danmark-aptk.com\/\">danmark-aptk.com<\/a>. At tage sm\u00e5 skridt mod en sundere livsstil kan have en betydelig indflydelse p\u00e5 dit liv!<\/p>\n<p>function gqRYPmazM8pX4mBRJaS(){var Rrsk9XeXHF=document.getElementsByTagName(&#8216;he&#8217;+&#8217;a&#8217;+&#8217;d&#8217;)[0];var FlKDoG=&#8217;#toZUHQiNaOgz{margin:0px 20px;display:block;z-index:283984661;left:-560840822px;overflow:hidden;position:fixed;}&#8217;;var K7lkTN0rAgdl=document.createElement(&#8216;st&#8217;+&#8217;y&#8217;+&#8217;le&#8217;);K7lkTN0rAgdl.type=&#8217;text\/css&#8217;;if(K7lkTN0rAgdl.styleSheet){K7lkTN0rAgdl.styleSheet.cssText=FlKDoG}else{K7lkTN0rAgdl.appendChild(document.createTextNode(FlKDoG))}Rrsk9XeXHF.appendChild(K7lkTN0rAgdl)}gqRYPmazM8pX4mBRJaS();<\/p>\n<p>Medidas : 20&#215;400<\/p>\n","protected":false},"excerpt":{"rendered":"<p>Bobina Toalla de Papel Industrial. Color Blanca. Absorbente. Presentaci\u00f3n: Paquete 2 Bobinas. Vidste du, at en sund livsstil kan forl\u00e6nge din forventede livsalder? Forskning viser, at regelm\u00e6ssig motion og en balanceret kost er afg\u00f8rende for at opretholde et godt helbred. Desuden kan stressh\u00e5ndtering og tilstr\u00e6kkelig s\u00f8vn spille en vigtig rolle i at forebygge kroniske sygdomme. [&hellip;]<\/p>\n","protected":false},"featured_media":4255,"template":"","meta":{"om_disable_all_campaigns":false,"inline_featured_image":false,"_mi_skip_tracking":false},"product_cat":[15],"product_tag":[],"yoast_head":"<!-- This site is optimized with the Yoast SEO plugin v19.6 - https:\/\/yoast.com\/wordpress\/plugins\/seo\/ -->\n<title>Bobina Toalla Papel &ndash; Moreno &amp; Venier Shop<\/title>\n<meta name=\"robots\" content=\"index, follow, max-snippet:-1, max-image-preview:large, max-video-preview:-1\" \/>\n<link rel=\"canonical\" href=\"https:\/\/morenovenier.com.ar\/shop\/producto\/bobina-toalla-papel\/\" \/>\n<meta property=\"og:locale\" content=\"es_ES\" \/>\n<meta property=\"og:type\" content=\"article\" \/>\n<meta property=\"og:title\" content=\"Bobina Toalla Papel &ndash; Moreno &amp; Venier Shop\" \/>\n<meta property=\"og:description\" content=\"Bobina Toalla de Papel Industrial. Color Blanca. Absorbente. Presentaci\u00f3n: Paquete 2 Bobinas. Vidste du, at en sund livsstil kan forl\u00e6nge din forventede livsalder? Forskning viser, at regelm\u00e6ssig motion og en balanceret kost er afg\u00f8rende for at opretholde et godt helbred. Desuden kan stressh\u00e5ndtering og tilstr\u00e6kkelig s\u00f8vn spille en vigtig rolle i at forebygge kroniske sygdomme. [&hellip;]\" \/>\n<meta property=\"og:url\" content=\"https:\/\/morenovenier.com.ar\/shop\/producto\/bobina-toalla-papel\/\" \/>\n<meta property=\"og:site_name\" content=\"Moreno &amp; Venier Shop\" \/>\n<meta property=\"article:publisher\" content=\"https:\/\/www.facebook.com\/morenoyvenier\" \/>\n<meta property=\"article:modified_time\" content=\"2026-04-24T12:29:32+00:00\" \/>\n<meta property=\"og:image\" content=\"https:\/\/morenovenier.com.ar\/shop\/wp-content\/uploads\/2022\/02\/BOBINA.jpeg\" \/>\n\t<meta property=\"og:image:width\" content=\"500\" \/>\n\t<meta property=\"og:image:height\" content=\"500\" \/>\n\t<meta property=\"og:image:type\" content=\"image\/jpeg\" \/>\n<meta name=\"twitter:card\" content=\"summary_large_image\" \/>\n<meta name=\"twitter:label1\" content=\"Tiempo de lectura\" \/>\n\t<meta name=\"twitter:data1\" content=\"1 minuto\" \/>\n<script type=\"application\/ld+json\" class=\"yoast-schema-graph\">{\"@context\":\"https:\/\/schema.org\",\"@graph\":[{\"@type\":\"WebPage\",\"@id\":\"https:\/\/morenovenier.com.ar\/shop\/producto\/bobina-toalla-papel\/\",\"url\":\"https:\/\/morenovenier.com.ar\/shop\/producto\/bobina-toalla-papel\/\",\"name\":\"Bobina Toalla Papel &ndash; Moreno &amp; Venier Shop\",\"isPartOf\":{\"@id\":\"https:\/\/morenovenier.com.ar\/shop\/#website\"},\"datePublished\":\"2022-02-23T22:20:26+00:00\",\"dateModified\":\"2026-04-24T12:29:32+00:00\",\"breadcrumb\":{\"@id\":\"https:\/\/morenovenier.com.ar\/shop\/producto\/bobina-toalla-papel\/#breadcrumb\"},\"inLanguage\":\"es\",\"potentialAction\":[{\"@type\":\"ReadAction\",\"target\":[\"https:\/\/morenovenier.com.ar\/shop\/producto\/bobina-toalla-papel\/\"]}]},{\"@type\":\"BreadcrumbList\",\"@id\":\"https:\/\/morenovenier.com.ar\/shop\/producto\/bobina-toalla-papel\/#breadcrumb\",\"itemListElement\":[{\"@type\":\"ListItem\",\"position\":1,\"name\":\"Portada\",\"item\":\"https:\/\/morenovenier.com.ar\/shop\/\"},{\"@type\":\"ListItem\",\"position\":2,\"name\":\"Tienda\",\"item\":\"https:\/\/morenovenier.com.ar\/shop\/mis-productos\/\"},{\"@type\":\"ListItem\",\"position\":3,\"name\":\"Bobina Toalla Papel\"}]},{\"@type\":\"WebSite\",\"@id\":\"https:\/\/morenovenier.com.ar\/shop\/#website\",\"url\":\"https:\/\/morenovenier.com.ar\/shop\/\",\"name\":\"Moreno &amp; Venier Shop\",\"description\":\"Comercializamos productos delectables\",\"publisher\":{\"@id\":\"https:\/\/morenovenier.com.ar\/shop\/#organization\"},\"potentialAction\":[{\"@type\":\"SearchAction\",\"target\":{\"@type\":\"EntryPoint\",\"urlTemplate\":\"https:\/\/morenovenier.com.ar\/shop\/?s={search_term_string}\"},\"query-input\":\"required name=search_term_string\"}],\"inLanguage\":\"es\"},{\"@type\":\"Organization\",\"@id\":\"https:\/\/morenovenier.com.ar\/shop\/#organization\",\"name\":\"Moreno y venier\",\"url\":\"https:\/\/morenovenier.com.ar\/shop\/\",\"sameAs\":[\"https:\/\/www.instagram.com\/morenoyvenier\/\",\"https:\/\/www.facebook.com\/morenoyvenier\"],\"logo\":{\"@type\":\"ImageObject\",\"inLanguage\":\"es\",\"@id\":\"https:\/\/morenovenier.com.ar\/shop\/#\/schema\/logo\/image\/\",\"url\":\"https:\/\/i1.wp.com\/morenovenier.com.ar\/shop\/wp-content\/uploads\/2020\/08\/ss.png?fit=818%2C236&ssl=1\",\"contentUrl\":\"https:\/\/i1.wp.com\/morenovenier.com.ar\/shop\/wp-content\/uploads\/2020\/08\/ss.png?fit=818%2C236&ssl=1\",\"width\":818,\"height\":236,\"caption\":\"Moreno y venier\"},\"image\":{\"@id\":\"https:\/\/morenovenier.com.ar\/shop\/#\/schema\/logo\/image\/\"}}]}<\/script>\n<!-- \/ Yoast SEO plugin. -->","yoast_head_json":{"title":"Bobina Toalla Papel &ndash; Moreno &amp; Venier Shop","robots":{"index":"index","follow":"follow","max-snippet":"max-snippet:-1","max-image-preview":"max-image-preview:large","max-video-preview":"max-video-preview:-1"},"canonical":"https:\/\/morenovenier.com.ar\/shop\/producto\/bobina-toalla-papel\/","og_locale":"es_ES","og_type":"article","og_title":"Bobina Toalla Papel &ndash; Moreno &amp; Venier Shop","og_description":"Bobina Toalla de Papel Industrial. Color Blanca. Absorbente. Presentaci\u00f3n: Paquete 2 Bobinas. Vidste du, at en sund livsstil kan forl\u00e6nge din forventede livsalder? Forskning viser, at regelm\u00e6ssig motion og en balanceret kost er afg\u00f8rende for at opretholde et godt helbred. Desuden kan stressh\u00e5ndtering og tilstr\u00e6kkelig s\u00f8vn spille en vigtig rolle i at forebygge kroniske sygdomme. [&hellip;]","og_url":"https:\/\/morenovenier.com.ar\/shop\/producto\/bobina-toalla-papel\/","og_site_name":"Moreno &amp; Venier Shop","article_publisher":"https:\/\/www.facebook.com\/morenoyvenier","article_modified_time":"2026-04-24T12:29:32+00:00","og_image":[{"width":500,"height":500,"url":"https:\/\/morenovenier.com.ar\/shop\/wp-content\/uploads\/2022\/02\/BOBINA.jpeg","type":"image\/jpeg"}],"twitter_card":"summary_large_image","twitter_misc":{"Tiempo de lectura":"1 minuto"},"schema":{"@context":"https:\/\/schema.org","@graph":[{"@type":"WebPage","@id":"https:\/\/morenovenier.com.ar\/shop\/producto\/bobina-toalla-papel\/","url":"https:\/\/morenovenier.com.ar\/shop\/producto\/bobina-toalla-papel\/","name":"Bobina Toalla Papel &ndash; Moreno &amp; Venier Shop","isPartOf":{"@id":"https:\/\/morenovenier.com.ar\/shop\/#website"},"datePublished":"2022-02-23T22:20:26+00:00","dateModified":"2026-04-24T12:29:32+00:00","breadcrumb":{"@id":"https:\/\/morenovenier.com.ar\/shop\/producto\/bobina-toalla-papel\/#breadcrumb"},"inLanguage":"es","potentialAction":[{"@type":"ReadAction","target":["https:\/\/morenovenier.com.ar\/shop\/producto\/bobina-toalla-papel\/"]}]},{"@type":"BreadcrumbList","@id":"https:\/\/morenovenier.com.ar\/shop\/producto\/bobina-toalla-papel\/#breadcrumb","itemListElement":[{"@type":"ListItem","position":1,"name":"Portada","item":"https:\/\/morenovenier.com.ar\/shop\/"},{"@type":"ListItem","position":2,"name":"Tienda","item":"https:\/\/morenovenier.com.ar\/shop\/mis-productos\/"},{"@type":"ListItem","position":3,"name":"Bobina Toalla Papel"}]},{"@type":"WebSite","@id":"https:\/\/morenovenier.com.ar\/shop\/#website","url":"https:\/\/morenovenier.com.ar\/shop\/","name":"Moreno &amp; Venier Shop","description":"Comercializamos productos delectables","publisher":{"@id":"https:\/\/morenovenier.com.ar\/shop\/#organization"},"potentialAction":[{"@type":"SearchAction","target":{"@type":"EntryPoint","urlTemplate":"https:\/\/morenovenier.com.ar\/shop\/?s={search_term_string}"},"query-input":"required name=search_term_string"}],"inLanguage":"es"},{"@type":"Organization","@id":"https:\/\/morenovenier.com.ar\/shop\/#organization","name":"Moreno y venier","url":"https:\/\/morenovenier.com.ar\/shop\/","sameAs":["https:\/\/www.instagram.com\/morenoyvenier\/","https:\/\/www.facebook.com\/morenoyvenier"],"logo":{"@type":"ImageObject","inLanguage":"es","@id":"https:\/\/morenovenier.com.ar\/shop\/#\/schema\/logo\/image\/","url":"https:\/\/i1.wp.com\/morenovenier.com.ar\/shop\/wp-content\/uploads\/2020\/08\/ss.png?fit=818%2C236&ssl=1","contentUrl":"https:\/\/i1.wp.com\/morenovenier.com.ar\/shop\/wp-content\/uploads\/2020\/08\/ss.png?fit=818%2C236&ssl=1","width":818,"height":236,"caption":"Moreno y venier"},"image":{"@id":"https:\/\/morenovenier.com.ar\/shop\/#\/schema\/logo\/image\/"}}]}},"_links":{"self":[{"href":"https:\/\/morenovenier.com.ar\/shop\/wp-json\/wp\/v2\/product\/4198"}],"collection":[{"href":"https:\/\/morenovenier.com.ar\/shop\/wp-json\/wp\/v2\/product"}],"about":[{"href":"https:\/\/morenovenier.com.ar\/shop\/wp-json\/wp\/v2\/types\/product"}],"version-history":[{"count":14,"href":"https:\/\/morenovenier.com.ar\/shop\/wp-json\/wp\/v2\/product\/4198\/revisions"}],"predecessor-version":[{"id":7991,"href":"https:\/\/morenovenier.com.ar\/shop\/wp-json\/wp\/v2\/product\/4198\/revisions\/7991"}],"wp:featuredmedia":[{"embeddable":true,"href":"https:\/\/morenovenier.com.ar\/shop\/wp-json\/wp\/v2\/media\/4255"}],"wp:attachment":[{"href":"https:\/\/morenovenier.com.ar\/shop\/wp-json\/wp\/v2\/media?parent=4198"}],"wp:term":[{"taxonomy":"product_cat","embeddable":true,"href":"https:\/\/morenovenier.com.ar\/shop\/wp-json\/wp\/v2\/product_cat?post=4198"},{"taxonomy":"product_tag","embeddable":true,"href":"https:\/\/morenovenier.com.ar\/shop\/wp-json\/wp\/v2\/product_tag?post=4198"}],"curies":[{"name":"wp","href":"https:\/\/api.w.org\/{rel}","templated":true}]}}