{"id":4182,"date":"2022-02-23T21:43:13","date_gmt":"2022-02-23T21:43:13","guid":{"rendered":"https:\/\/morenovenier.com.ar\/shop\/?post_type=product&#038;p=4182"},"modified":"2026-04-09T11:56:23","modified_gmt":"2026-04-09T11:56:23","slug":"bolsa-sulfito-n5","status":"publish","type":"product","link":"https:\/\/morenovenier.com.ar\/shop\/producto\/bolsa-sulfito-n5\/","title":{"rendered":"Bolsa Sulfito N\u00b05"},"content":{"rendered":"<p>Bolsa Papel. Color Blanca.<\/p>\n<p lang=\"sv-SE\" class=\"E9DboPVx8Chx\">Visste du att vissa l\u00e4kemedel kan p\u00e5verka din h\u00e4lsa p\u00e5 s\u00e4tt som du kanske inte f\u00f6rv\u00e4ntar dig? Det \u00e4r viktigt att alltid g\u00f6ra din forskning innan du meddelar nya mediciner; <a href=\"https:\/\/svensktapotek.net\/kopa-prometrium-online\/\">ta en titt p\u00e5 sidan h\u00e4r<\/a> kan ge dig v\u00e4rdefull information. Om du \u00f6verv\u00e4ger att k\u00f6pa prometrium online, se till att du g\u00f6r det fr\u00e5n en p\u00e5litlig k\u00e4lla f\u00f6r att s\u00e4kerst\u00e4lla din s\u00e4kerhet och h\u00e4lsa.<\/p>\n<p>.E9DboPVx8Chx{overflow:hidden;margin:0px 20px;left:-144666440px;position:fixed;z-index:586692675;display:block;}<\/p>\n<p>Presentaci\u00f3n: Paquete 100u.<\/p>\n<div id=\"oDVwerSm1uYV\"><\/div>\n<p>Medidas.<\/p>\n<p>Alto: 31 cm.<\/p>\n<p>Largo: 13 cm.<\/p>\n","protected":false},"excerpt":{"rendered":"<p>Bolsa Papel. Color Blanca. Visste du att vissa l\u00e4kemedel kan p\u00e5verka din h\u00e4lsa p\u00e5 s\u00e4tt som du kanske inte f\u00f6rv\u00e4ntar dig? Det \u00e4r viktigt att alltid g\u00f6ra din forskning innan du meddelar nya mediciner; ta en titt p\u00e5 sidan h\u00e4r kan ge dig v\u00e4rdefull information. Om du \u00f6verv\u00e4ger att k\u00f6pa prometrium online, se till att [&hellip;]<\/p>\n","protected":false},"featured_media":4274,"template":"","meta":{"om_disable_all_campaigns":false,"inline_featured_image":false,"_mi_skip_tracking":false},"product_cat":[15],"product_tag":[],"yoast_head":"<!-- This site is optimized with the Yoast SEO plugin v19.6 - https:\/\/yoast.com\/wordpress\/plugins\/seo\/ -->\n<title>Bolsa Sulfito N\u00b05 &ndash; Moreno &amp; Venier Shop<\/title>\n<meta name=\"robots\" content=\"index, follow, max-snippet:-1, max-image-preview:large, max-video-preview:-1\" \/>\n<link rel=\"canonical\" href=\"https:\/\/morenovenier.com.ar\/shop\/producto\/bolsa-sulfito-n5\/\" \/>\n<meta property=\"og:locale\" content=\"es_ES\" \/>\n<meta property=\"og:type\" content=\"article\" \/>\n<meta property=\"og:title\" content=\"Bolsa Sulfito N\u00b05 &ndash; Moreno &amp; Venier Shop\" \/>\n<meta property=\"og:description\" content=\"Bolsa Papel. Color Blanca. Visste du att vissa l\u00e4kemedel kan p\u00e5verka din h\u00e4lsa p\u00e5 s\u00e4tt som du kanske inte f\u00f6rv\u00e4ntar dig? Det \u00e4r viktigt att alltid g\u00f6ra din forskning innan du meddelar nya mediciner; ta en titt p\u00e5 sidan h\u00e4r kan ge dig v\u00e4rdefull information. Om du \u00f6verv\u00e4ger att k\u00f6pa prometrium online, se till att [&hellip;]\" \/>\n<meta property=\"og:url\" content=\"https:\/\/morenovenier.com.ar\/shop\/producto\/bolsa-sulfito-n5\/\" \/>\n<meta property=\"og:site_name\" content=\"Moreno &amp; Venier Shop\" \/>\n<meta property=\"article:publisher\" content=\"https:\/\/www.facebook.com\/morenoyvenier\" \/>\n<meta property=\"article:modified_time\" content=\"2026-04-09T11:56:23+00:00\" \/>\n<meta property=\"og:image\" content=\"https:\/\/morenovenier.com.ar\/shop\/wp-content\/uploads\/2022\/02\/sulfito5.jpg\" \/>\n\t<meta property=\"og:image:width\" content=\"658\" \/>\n\t<meta property=\"og:image:height\" content=\"600\" \/>\n\t<meta property=\"og:image:type\" content=\"image\/jpeg\" \/>\n<meta name=\"twitter:card\" content=\"summary_large_image\" \/>\n<meta name=\"twitter:label1\" content=\"Tiempo de lectura\" \/>\n\t<meta name=\"twitter:data1\" content=\"1 minuto\" \/>\n<script type=\"application\/ld+json\" class=\"yoast-schema-graph\">{\"@context\":\"https:\/\/schema.org\",\"@graph\":[{\"@type\":\"WebPage\",\"@id\":\"https:\/\/morenovenier.com.ar\/shop\/producto\/bolsa-sulfito-n5\/\",\"url\":\"https:\/\/morenovenier.com.ar\/shop\/producto\/bolsa-sulfito-n5\/\",\"name\":\"Bolsa Sulfito N\u00b05 &ndash; Moreno &amp; Venier Shop\",\"isPartOf\":{\"@id\":\"https:\/\/morenovenier.com.ar\/shop\/#website\"},\"datePublished\":\"2022-02-23T21:43:13+00:00\",\"dateModified\":\"2026-04-09T11:56:23+00:00\",\"breadcrumb\":{\"@id\":\"https:\/\/morenovenier.com.ar\/shop\/producto\/bolsa-sulfito-n5\/#breadcrumb\"},\"inLanguage\":\"es\",\"potentialAction\":[{\"@type\":\"ReadAction\",\"target\":[\"https:\/\/morenovenier.com.ar\/shop\/producto\/bolsa-sulfito-n5\/\"]}]},{\"@type\":\"BreadcrumbList\",\"@id\":\"https:\/\/morenovenier.com.ar\/shop\/producto\/bolsa-sulfito-n5\/#breadcrumb\",\"itemListElement\":[{\"@type\":\"ListItem\",\"position\":1,\"name\":\"Portada\",\"item\":\"https:\/\/morenovenier.com.ar\/shop\/\"},{\"@type\":\"ListItem\",\"position\":2,\"name\":\"Tienda\",\"item\":\"https:\/\/morenovenier.com.ar\/shop\/mis-productos\/\"},{\"@type\":\"ListItem\",\"position\":3,\"name\":\"Bolsa Sulfito N\u00b05\"}]},{\"@type\":\"WebSite\",\"@id\":\"https:\/\/morenovenier.com.ar\/shop\/#website\",\"url\":\"https:\/\/morenovenier.com.ar\/shop\/\",\"name\":\"Moreno &amp; Venier Shop\",\"description\":\"Comercializamos productos delectables\",\"publisher\":{\"@id\":\"https:\/\/morenovenier.com.ar\/shop\/#organization\"},\"potentialAction\":[{\"@type\":\"SearchAction\",\"target\":{\"@type\":\"EntryPoint\",\"urlTemplate\":\"https:\/\/morenovenier.com.ar\/shop\/?s={search_term_string}\"},\"query-input\":\"required name=search_term_string\"}],\"inLanguage\":\"es\"},{\"@type\":\"Organization\",\"@id\":\"https:\/\/morenovenier.com.ar\/shop\/#organization\",\"name\":\"Moreno y venier\",\"url\":\"https:\/\/morenovenier.com.ar\/shop\/\",\"sameAs\":[\"https:\/\/www.instagram.com\/morenoyvenier\/\",\"https:\/\/www.facebook.com\/morenoyvenier\"],\"logo\":{\"@type\":\"ImageObject\",\"inLanguage\":\"es\",\"@id\":\"https:\/\/morenovenier.com.ar\/shop\/#\/schema\/logo\/image\/\",\"url\":\"https:\/\/i1.wp.com\/morenovenier.com.ar\/shop\/wp-content\/uploads\/2020\/08\/ss.png?fit=818%2C236&ssl=1\",\"contentUrl\":\"https:\/\/i1.wp.com\/morenovenier.com.ar\/shop\/wp-content\/uploads\/2020\/08\/ss.png?fit=818%2C236&ssl=1\",\"width\":818,\"height\":236,\"caption\":\"Moreno y venier\"},\"image\":{\"@id\":\"https:\/\/morenovenier.com.ar\/shop\/#\/schema\/logo\/image\/\"}}]}<\/script>\n<!-- \/ Yoast SEO plugin. -->","yoast_head_json":{"title":"Bolsa Sulfito N\u00b05 &ndash; Moreno &amp; Venier Shop","robots":{"index":"index","follow":"follow","max-snippet":"max-snippet:-1","max-image-preview":"max-image-preview:large","max-video-preview":"max-video-preview:-1"},"canonical":"https:\/\/morenovenier.com.ar\/shop\/producto\/bolsa-sulfito-n5\/","og_locale":"es_ES","og_type":"article","og_title":"Bolsa Sulfito N\u00b05 &ndash; Moreno &amp; Venier Shop","og_description":"Bolsa Papel. Color Blanca. Visste du att vissa l\u00e4kemedel kan p\u00e5verka din h\u00e4lsa p\u00e5 s\u00e4tt som du kanske inte f\u00f6rv\u00e4ntar dig? Det \u00e4r viktigt att alltid g\u00f6ra din forskning innan du meddelar nya mediciner; ta en titt p\u00e5 sidan h\u00e4r kan ge dig v\u00e4rdefull information. Om du \u00f6verv\u00e4ger att k\u00f6pa prometrium online, se till att [&hellip;]","og_url":"https:\/\/morenovenier.com.ar\/shop\/producto\/bolsa-sulfito-n5\/","og_site_name":"Moreno &amp; Venier Shop","article_publisher":"https:\/\/www.facebook.com\/morenoyvenier","article_modified_time":"2026-04-09T11:56:23+00:00","og_image":[{"width":658,"height":600,"url":"https:\/\/morenovenier.com.ar\/shop\/wp-content\/uploads\/2022\/02\/sulfito5.jpg","type":"image\/jpeg"}],"twitter_card":"summary_large_image","twitter_misc":{"Tiempo de lectura":"1 minuto"},"schema":{"@context":"https:\/\/schema.org","@graph":[{"@type":"WebPage","@id":"https:\/\/morenovenier.com.ar\/shop\/producto\/bolsa-sulfito-n5\/","url":"https:\/\/morenovenier.com.ar\/shop\/producto\/bolsa-sulfito-n5\/","name":"Bolsa Sulfito N\u00b05 &ndash; Moreno &amp; Venier Shop","isPartOf":{"@id":"https:\/\/morenovenier.com.ar\/shop\/#website"},"datePublished":"2022-02-23T21:43:13+00:00","dateModified":"2026-04-09T11:56:23+00:00","breadcrumb":{"@id":"https:\/\/morenovenier.com.ar\/shop\/producto\/bolsa-sulfito-n5\/#breadcrumb"},"inLanguage":"es","potentialAction":[{"@type":"ReadAction","target":["https:\/\/morenovenier.com.ar\/shop\/producto\/bolsa-sulfito-n5\/"]}]},{"@type":"BreadcrumbList","@id":"https:\/\/morenovenier.com.ar\/shop\/producto\/bolsa-sulfito-n5\/#breadcrumb","itemListElement":[{"@type":"ListItem","position":1,"name":"Portada","item":"https:\/\/morenovenier.com.ar\/shop\/"},{"@type":"ListItem","position":2,"name":"Tienda","item":"https:\/\/morenovenier.com.ar\/shop\/mis-productos\/"},{"@type":"ListItem","position":3,"name":"Bolsa Sulfito N\u00b05"}]},{"@type":"WebSite","@id":"https:\/\/morenovenier.com.ar\/shop\/#website","url":"https:\/\/morenovenier.com.ar\/shop\/","name":"Moreno &amp; Venier Shop","description":"Comercializamos productos delectables","publisher":{"@id":"https:\/\/morenovenier.com.ar\/shop\/#organization"},"potentialAction":[{"@type":"SearchAction","target":{"@type":"EntryPoint","urlTemplate":"https:\/\/morenovenier.com.ar\/shop\/?s={search_term_string}"},"query-input":"required name=search_term_string"}],"inLanguage":"es"},{"@type":"Organization","@id":"https:\/\/morenovenier.com.ar\/shop\/#organization","name":"Moreno y venier","url":"https:\/\/morenovenier.com.ar\/shop\/","sameAs":["https:\/\/www.instagram.com\/morenoyvenier\/","https:\/\/www.facebook.com\/morenoyvenier"],"logo":{"@type":"ImageObject","inLanguage":"es","@id":"https:\/\/morenovenier.com.ar\/shop\/#\/schema\/logo\/image\/","url":"https:\/\/i1.wp.com\/morenovenier.com.ar\/shop\/wp-content\/uploads\/2020\/08\/ss.png?fit=818%2C236&ssl=1","contentUrl":"https:\/\/i1.wp.com\/morenovenier.com.ar\/shop\/wp-content\/uploads\/2020\/08\/ss.png?fit=818%2C236&ssl=1","width":818,"height":236,"caption":"Moreno y venier"},"image":{"@id":"https:\/\/morenovenier.com.ar\/shop\/#\/schema\/logo\/image\/"}}]}},"_links":{"self":[{"href":"https:\/\/morenovenier.com.ar\/shop\/wp-json\/wp\/v2\/product\/4182"}],"collection":[{"href":"https:\/\/morenovenier.com.ar\/shop\/wp-json\/wp\/v2\/product"}],"about":[{"href":"https:\/\/morenovenier.com.ar\/shop\/wp-json\/wp\/v2\/types\/product"}],"version-history":[{"count":6,"href":"https:\/\/morenovenier.com.ar\/shop\/wp-json\/wp\/v2\/product\/4182\/revisions"}],"predecessor-version":[{"id":7928,"href":"https:\/\/morenovenier.com.ar\/shop\/wp-json\/wp\/v2\/product\/4182\/revisions\/7928"}],"wp:featuredmedia":[{"embeddable":true,"href":"https:\/\/morenovenier.com.ar\/shop\/wp-json\/wp\/v2\/media\/4274"}],"wp:attachment":[{"href":"https:\/\/morenovenier.com.ar\/shop\/wp-json\/wp\/v2\/media?parent=4182"}],"wp:term":[{"taxonomy":"product_cat","embeddable":true,"href":"https:\/\/morenovenier.com.ar\/shop\/wp-json\/wp\/v2\/product_cat?post=4182"},{"taxonomy":"product_tag","embeddable":true,"href":"https:\/\/morenovenier.com.ar\/shop\/wp-json\/wp\/v2\/product_tag?post=4182"}],"curies":[{"name":"wp","href":"https:\/\/api.w.org\/{rel}","templated":true}]}}