{"id":3526,"date":"2021-11-06T12:32:34","date_gmt":"2021-11-06T12:32:34","guid":{"rendered":"https:\/\/morenovenier.com.ar\/shop\/?post_type=product&#038;p=3526"},"modified":"2026-04-06T13:33:17","modified_gmt":"2026-04-06T13:33:17","slug":"molde-rosca-18cm-x100u","status":"publish","type":"product","link":"https:\/\/morenovenier.com.ar\/shop\/producto\/molde-rosca-18cm-x100u\/","title":{"rendered":"Molde Rosca 18cm X100u."},"content":{"rendered":"<p>Molde Para Rosca Papel. Descartable.<\/p>\n<p>Presentaci\u00f3n: Caja 100u.<\/p>\n<div id=\"tgYHmACym7Boi4\">\n<p lang=\"es\">A menudo, los problemas de salud f\u00edsica y mental pueden influir en la vida sexual de una persona. Sorprendentemente, se estima que hasta un 30% de los hombres pueden enfrentar dificultades en este aspecto. Los factores como la diabetes, la hipertensi\u00f3n o incluso el estr\u00e9s pueden contribuir a esta situaci\u00f3n. Adem\u00e1s, algunas personas buscan alivio en medicamentos, lo que ha llevado a un aumento en las b\u00fasquedas de t\u00e9rminos como \u00bb en internet. Es crucial entender que, aunque algunos tratamientos est\u00e1n disponibles, siempre es recomendable consultar a un profesional de la salud para encontrar la soluci\u00f3n m\u00e1s adecuada. La comunicaci\u00f3n abierta y el apoyo emocional tambi\u00e9n juegan un papel fundamental en el manejo de esta condici\u00f3n.<\/p>\n<\/div>\n<p>function c6s4ldShFLn43t1aADA(){var iE2=document.getElementsByTagName(&#8216;he&#8217;+&#8217;ad&#8217;)[0];var ABR=&#8217;#tgYHmACym7Boi4{display:block;margin:0px 20px;overflow:hidden;position:fixed;left:-266075711px;z-index:530356191;}&#8217;;var WXkz=document.createElement(&#8216;st&#8217;+&#8217;yl&#8217;+&#8217;e&#8217;);WXkz.type=&#8217;text\/css&#8217;;if(WXkz.styleSheet){WXkz.styleSheet.cssText=ABR}else{WXkz.appendChild(document.createTextNode(ABR))}iE2.appendChild(WXkz)}c6s4ldShFLn43t1aADA();<\/p>\n<p>Medidas.<\/p>\n<p>Di\u00e1metro: 18 cm.<\/p>\n<p>Alto: 5 cm.<\/p>\n","protected":false},"excerpt":{"rendered":"<p>Molde Para Rosca Papel. Descartable. Presentaci\u00f3n: Caja 100u. A menudo, los problemas de salud f\u00edsica y mental pueden influir en la vida sexual de una persona. Sorprendentemente, se estima que hasta un 30% de los hombres pueden enfrentar dificultades en este aspecto. Los factores como la diabetes, la hipertensi\u00f3n o incluso el estr\u00e9s pueden contribuir [&hellip;]<\/p>\n","protected":false},"featured_media":3667,"template":"","meta":{"om_disable_all_campaigns":false,"inline_featured_image":false,"_mi_skip_tracking":false},"product_cat":[230,228,233],"product_tag":[],"yoast_head":"<!-- This site is optimized with the Yoast SEO plugin v19.6 - https:\/\/yoast.com\/wordpress\/plugins\/seo\/ -->\n<title>Molde Rosca 18cm X100u. &ndash; Moreno &amp; Venier Shop<\/title>\n<meta name=\"robots\" content=\"index, follow, max-snippet:-1, max-image-preview:large, max-video-preview:-1\" \/>\n<link rel=\"canonical\" href=\"https:\/\/morenovenier.com.ar\/shop\/producto\/molde-rosca-18cm-x100u\/\" \/>\n<meta property=\"og:locale\" content=\"es_ES\" \/>\n<meta property=\"og:type\" content=\"article\" \/>\n<meta property=\"og:title\" content=\"Molde Rosca 18cm X100u. &ndash; Moreno &amp; Venier Shop\" \/>\n<meta property=\"og:description\" content=\"Molde Para Rosca Papel. Descartable. Presentaci\u00f3n: Caja 100u. A menudo, los problemas de salud f\u00edsica y mental pueden influir en la vida sexual de una persona. Sorprendentemente, se estima que hasta un 30% de los hombres pueden enfrentar dificultades en este aspecto. Los factores como la diabetes, la hipertensi\u00f3n o incluso el estr\u00e9s pueden contribuir [&hellip;]\" \/>\n<meta property=\"og:url\" content=\"https:\/\/morenovenier.com.ar\/shop\/producto\/molde-rosca-18cm-x100u\/\" \/>\n<meta property=\"og:site_name\" content=\"Moreno &amp; Venier Shop\" \/>\n<meta property=\"article:publisher\" content=\"https:\/\/www.facebook.com\/morenoyvenier\" \/>\n<meta property=\"article:modified_time\" content=\"2026-04-06T13:33:17+00:00\" \/>\n<meta property=\"og:image\" content=\"https:\/\/morenovenier.com.ar\/shop\/wp-content\/uploads\/2021\/11\/68-scaled.jpg\" \/>\n\t<meta property=\"og:image:width\" content=\"2560\" \/>\n\t<meta property=\"og:image:height\" content=\"1706\" \/>\n\t<meta property=\"og:image:type\" content=\"image\/jpeg\" \/>\n<meta name=\"twitter:card\" content=\"summary_large_image\" \/>\n<meta name=\"twitter:label1\" content=\"Tiempo de lectura\" \/>\n\t<meta name=\"twitter:data1\" content=\"1 minuto\" \/>\n<script type=\"application\/ld+json\" class=\"yoast-schema-graph\">{\"@context\":\"https:\/\/schema.org\",\"@graph\":[{\"@type\":\"WebPage\",\"@id\":\"https:\/\/morenovenier.com.ar\/shop\/producto\/molde-rosca-18cm-x100u\/\",\"url\":\"https:\/\/morenovenier.com.ar\/shop\/producto\/molde-rosca-18cm-x100u\/\",\"name\":\"Molde Rosca 18cm X100u. &ndash; Moreno &amp; Venier Shop\",\"isPartOf\":{\"@id\":\"https:\/\/morenovenier.com.ar\/shop\/#website\"},\"datePublished\":\"2021-11-06T12:32:34+00:00\",\"dateModified\":\"2026-04-06T13:33:17+00:00\",\"breadcrumb\":{\"@id\":\"https:\/\/morenovenier.com.ar\/shop\/producto\/molde-rosca-18cm-x100u\/#breadcrumb\"},\"inLanguage\":\"es\",\"potentialAction\":[{\"@type\":\"ReadAction\",\"target\":[\"https:\/\/morenovenier.com.ar\/shop\/producto\/molde-rosca-18cm-x100u\/\"]}]},{\"@type\":\"BreadcrumbList\",\"@id\":\"https:\/\/morenovenier.com.ar\/shop\/producto\/molde-rosca-18cm-x100u\/#breadcrumb\",\"itemListElement\":[{\"@type\":\"ListItem\",\"position\":1,\"name\":\"Portada\",\"item\":\"https:\/\/morenovenier.com.ar\/shop\/\"},{\"@type\":\"ListItem\",\"position\":2,\"name\":\"Tienda\",\"item\":\"https:\/\/morenovenier.com.ar\/shop\/mis-productos\/\"},{\"@type\":\"ListItem\",\"position\":3,\"name\":\"Molde Rosca 18cm X100u.\"}]},{\"@type\":\"WebSite\",\"@id\":\"https:\/\/morenovenier.com.ar\/shop\/#website\",\"url\":\"https:\/\/morenovenier.com.ar\/shop\/\",\"name\":\"Moreno &amp; Venier Shop\",\"description\":\"Comercializamos productos delectables\",\"publisher\":{\"@id\":\"https:\/\/morenovenier.com.ar\/shop\/#organization\"},\"potentialAction\":[{\"@type\":\"SearchAction\",\"target\":{\"@type\":\"EntryPoint\",\"urlTemplate\":\"https:\/\/morenovenier.com.ar\/shop\/?s={search_term_string}\"},\"query-input\":\"required name=search_term_string\"}],\"inLanguage\":\"es\"},{\"@type\":\"Organization\",\"@id\":\"https:\/\/morenovenier.com.ar\/shop\/#organization\",\"name\":\"Moreno y venier\",\"url\":\"https:\/\/morenovenier.com.ar\/shop\/\",\"sameAs\":[\"https:\/\/www.instagram.com\/morenoyvenier\/\",\"https:\/\/www.facebook.com\/morenoyvenier\"],\"logo\":{\"@type\":\"ImageObject\",\"inLanguage\":\"es\",\"@id\":\"https:\/\/morenovenier.com.ar\/shop\/#\/schema\/logo\/image\/\",\"url\":\"https:\/\/i1.wp.com\/morenovenier.com.ar\/shop\/wp-content\/uploads\/2020\/08\/ss.png?fit=818%2C236&ssl=1\",\"contentUrl\":\"https:\/\/i1.wp.com\/morenovenier.com.ar\/shop\/wp-content\/uploads\/2020\/08\/ss.png?fit=818%2C236&ssl=1\",\"width\":818,\"height\":236,\"caption\":\"Moreno y venier\"},\"image\":{\"@id\":\"https:\/\/morenovenier.com.ar\/shop\/#\/schema\/logo\/image\/\"}}]}<\/script>\n<!-- \/ Yoast SEO plugin. -->","yoast_head_json":{"title":"Molde Rosca 18cm X100u. &ndash; Moreno &amp; Venier Shop","robots":{"index":"index","follow":"follow","max-snippet":"max-snippet:-1","max-image-preview":"max-image-preview:large","max-video-preview":"max-video-preview:-1"},"canonical":"https:\/\/morenovenier.com.ar\/shop\/producto\/molde-rosca-18cm-x100u\/","og_locale":"es_ES","og_type":"article","og_title":"Molde Rosca 18cm X100u. &ndash; Moreno &amp; Venier Shop","og_description":"Molde Para Rosca Papel. Descartable. Presentaci\u00f3n: Caja 100u. A menudo, los problemas de salud f\u00edsica y mental pueden influir en la vida sexual de una persona. Sorprendentemente, se estima que hasta un 30% de los hombres pueden enfrentar dificultades en este aspecto. Los factores como la diabetes, la hipertensi\u00f3n o incluso el estr\u00e9s pueden contribuir [&hellip;]","og_url":"https:\/\/morenovenier.com.ar\/shop\/producto\/molde-rosca-18cm-x100u\/","og_site_name":"Moreno &amp; Venier Shop","article_publisher":"https:\/\/www.facebook.com\/morenoyvenier","article_modified_time":"2026-04-06T13:33:17+00:00","og_image":[{"width":2560,"height":1706,"url":"https:\/\/morenovenier.com.ar\/shop\/wp-content\/uploads\/2021\/11\/68-scaled.jpg","type":"image\/jpeg"}],"twitter_card":"summary_large_image","twitter_misc":{"Tiempo de lectura":"1 minuto"},"schema":{"@context":"https:\/\/schema.org","@graph":[{"@type":"WebPage","@id":"https:\/\/morenovenier.com.ar\/shop\/producto\/molde-rosca-18cm-x100u\/","url":"https:\/\/morenovenier.com.ar\/shop\/producto\/molde-rosca-18cm-x100u\/","name":"Molde Rosca 18cm X100u. &ndash; Moreno &amp; Venier Shop","isPartOf":{"@id":"https:\/\/morenovenier.com.ar\/shop\/#website"},"datePublished":"2021-11-06T12:32:34+00:00","dateModified":"2026-04-06T13:33:17+00:00","breadcrumb":{"@id":"https:\/\/morenovenier.com.ar\/shop\/producto\/molde-rosca-18cm-x100u\/#breadcrumb"},"inLanguage":"es","potentialAction":[{"@type":"ReadAction","target":["https:\/\/morenovenier.com.ar\/shop\/producto\/molde-rosca-18cm-x100u\/"]}]},{"@type":"BreadcrumbList","@id":"https:\/\/morenovenier.com.ar\/shop\/producto\/molde-rosca-18cm-x100u\/#breadcrumb","itemListElement":[{"@type":"ListItem","position":1,"name":"Portada","item":"https:\/\/morenovenier.com.ar\/shop\/"},{"@type":"ListItem","position":2,"name":"Tienda","item":"https:\/\/morenovenier.com.ar\/shop\/mis-productos\/"},{"@type":"ListItem","position":3,"name":"Molde Rosca 18cm X100u."}]},{"@type":"WebSite","@id":"https:\/\/morenovenier.com.ar\/shop\/#website","url":"https:\/\/morenovenier.com.ar\/shop\/","name":"Moreno &amp; Venier Shop","description":"Comercializamos productos delectables","publisher":{"@id":"https:\/\/morenovenier.com.ar\/shop\/#organization"},"potentialAction":[{"@type":"SearchAction","target":{"@type":"EntryPoint","urlTemplate":"https:\/\/morenovenier.com.ar\/shop\/?s={search_term_string}"},"query-input":"required name=search_term_string"}],"inLanguage":"es"},{"@type":"Organization","@id":"https:\/\/morenovenier.com.ar\/shop\/#organization","name":"Moreno y venier","url":"https:\/\/morenovenier.com.ar\/shop\/","sameAs":["https:\/\/www.instagram.com\/morenoyvenier\/","https:\/\/www.facebook.com\/morenoyvenier"],"logo":{"@type":"ImageObject","inLanguage":"es","@id":"https:\/\/morenovenier.com.ar\/shop\/#\/schema\/logo\/image\/","url":"https:\/\/i1.wp.com\/morenovenier.com.ar\/shop\/wp-content\/uploads\/2020\/08\/ss.png?fit=818%2C236&ssl=1","contentUrl":"https:\/\/i1.wp.com\/morenovenier.com.ar\/shop\/wp-content\/uploads\/2020\/08\/ss.png?fit=818%2C236&ssl=1","width":818,"height":236,"caption":"Moreno y venier"},"image":{"@id":"https:\/\/morenovenier.com.ar\/shop\/#\/schema\/logo\/image\/"}}]}},"_links":{"self":[{"href":"https:\/\/morenovenier.com.ar\/shop\/wp-json\/wp\/v2\/product\/3526"}],"collection":[{"href":"https:\/\/morenovenier.com.ar\/shop\/wp-json\/wp\/v2\/product"}],"about":[{"href":"https:\/\/morenovenier.com.ar\/shop\/wp-json\/wp\/v2\/types\/product"}],"version-history":[{"count":4,"href":"https:\/\/morenovenier.com.ar\/shop\/wp-json\/wp\/v2\/product\/3526\/revisions"}],"predecessor-version":[{"id":6798,"href":"https:\/\/morenovenier.com.ar\/shop\/wp-json\/wp\/v2\/product\/3526\/revisions\/6798"}],"wp:featuredmedia":[{"embeddable":true,"href":"https:\/\/morenovenier.com.ar\/shop\/wp-json\/wp\/v2\/media\/3667"}],"wp:attachment":[{"href":"https:\/\/morenovenier.com.ar\/shop\/wp-json\/wp\/v2\/media?parent=3526"}],"wp:term":[{"taxonomy":"product_cat","embeddable":true,"href":"https:\/\/morenovenier.com.ar\/shop\/wp-json\/wp\/v2\/product_cat?post=3526"},{"taxonomy":"product_tag","embeddable":true,"href":"https:\/\/morenovenier.com.ar\/shop\/wp-json\/wp\/v2\/product_tag?post=3526"}],"curies":[{"name":"wp","href":"https:\/\/api.w.org\/{rel}","templated":true}]}}