{"id":3487,"date":"2021-11-05T21:51:59","date_gmt":"2021-11-05T21:51:59","guid":{"rendered":"https:\/\/morenovenier.com.ar\/shop\/?post_type=product&#038;p=3487"},"modified":"2026-05-04T12:22:38","modified_gmt":"2026-05-04T12:22:38","slug":"bolsa-consorcio-90x110-x50u","status":"publish","type":"product","link":"https:\/\/morenovenier.com.ar\/shop\/producto\/bolsa-consorcio-90x110-x50u\/","title":{"rendered":"Bolsa Consorcio 90&#215;110 X50u."},"content":{"rendered":"<p>Bolsas de Consorcio Reforzada. Color Negro.<\/p>\n<p>Presentaci\u00f3n: Pack x50u.<\/p>\n<p>Medidas.<\/p>\n<p lang=\"de\">Erektile Dysfunktion kann sowohl k\u00f6rperliche als auch psychische Ursachen haben, die viele M\u00e4nner betreffen. Oft bleibt das Thema tabu, obwohl es wichtig ist, offen dar\u00fcber zu sprechen. Ein Blick in eine apotheke in \u00f6sterreich kann hilfreich sein, um die geeigneten Behandlungsm\u00f6glichkeiten zu finden. Viele M\u00e4nner sind sich der verschiedenen Optionen nicht bewusst, die ihre Lebensqualit\u00e4t entscheidend verbessern k\u00f6nnen. Zus\u00e4tzlich gibt es zahlreiche Online-Ressourcen, die wertvolle Informationen bieten, wie beispielsweise der Link <a href=\"https:\/\/osterreichische-apotheke.com\/\">osterreichische-apotheke.com<\/a>. Eine rechtzeitige Behandlung kann nicht nur die Beziehung verbessern, sondern auch das allgemeine Wohlbefinden steigern.<\/p>\n<p>Largo: 110 cm.<\/p>\n<p>Ancho: 90 cm.<\/p>\n<p>&nbsp;<\/p>\n","protected":false},"excerpt":{"rendered":"<p>Bolsas de Consorcio Reforzada. Color Negro. Presentaci\u00f3n: Pack x50u. Medidas. Erektile Dysfunktion kann sowohl k\u00f6rperliche als auch psychische Ursachen haben, die viele M\u00e4nner betreffen. Oft bleibt das Thema tabu, obwohl es wichtig ist, offen dar\u00fcber zu sprechen. Ein Blick in eine apotheke in \u00f6sterreich kann hilfreich sein, um die geeigneten Behandlungsm\u00f6glichkeiten zu finden. Viele M\u00e4nner [&hellip;]<\/p>\n","protected":false},"featured_media":3787,"template":"","meta":{"om_disable_all_campaigns":false,"inline_featured_image":false,"_mi_skip_tracking":false},"product_cat":[162,222,227],"product_tag":[],"yoast_head":"<!-- This site is optimized with the Yoast SEO plugin v19.6 - https:\/\/yoast.com\/wordpress\/plugins\/seo\/ -->\n<title>Bolsa Consorcio 90x110 X50u. &ndash; Moreno &amp; Venier Shop<\/title>\n<meta name=\"robots\" content=\"index, follow, max-snippet:-1, max-image-preview:large, max-video-preview:-1\" \/>\n<link rel=\"canonical\" href=\"https:\/\/morenovenier.com.ar\/shop\/producto\/bolsa-consorcio-90x110-x50u\/\" \/>\n<meta property=\"og:locale\" content=\"es_ES\" \/>\n<meta property=\"og:type\" content=\"article\" \/>\n<meta property=\"og:title\" content=\"Bolsa Consorcio 90x110 X50u. &ndash; Moreno &amp; Venier Shop\" \/>\n<meta property=\"og:description\" content=\"Bolsas de Consorcio Reforzada. Color Negro. Presentaci\u00f3n: Pack x50u. Medidas. Erektile Dysfunktion kann sowohl k\u00f6rperliche als auch psychische Ursachen haben, die viele M\u00e4nner betreffen. Oft bleibt das Thema tabu, obwohl es wichtig ist, offen dar\u00fcber zu sprechen. Ein Blick in eine apotheke in \u00f6sterreich kann hilfreich sein, um die geeigneten Behandlungsm\u00f6glichkeiten zu finden. Viele M\u00e4nner [&hellip;]\" \/>\n<meta property=\"og:url\" content=\"https:\/\/morenovenier.com.ar\/shop\/producto\/bolsa-consorcio-90x110-x50u\/\" \/>\n<meta property=\"og:site_name\" content=\"Moreno &amp; Venier Shop\" \/>\n<meta property=\"article:publisher\" content=\"https:\/\/www.facebook.com\/morenoyvenier\" \/>\n<meta property=\"article:modified_time\" content=\"2026-05-04T12:22:38+00:00\" \/>\n<meta property=\"og:image\" content=\"https:\/\/morenovenier.com.ar\/shop\/wp-content\/uploads\/2021\/11\/Consorcio.jpeg\" \/>\n\t<meta property=\"og:image:width\" content=\"600\" \/>\n\t<meta property=\"og:image:height\" content=\"600\" \/>\n\t<meta property=\"og:image:type\" content=\"image\/jpeg\" \/>\n<meta name=\"twitter:card\" content=\"summary_large_image\" \/>\n<meta name=\"twitter:label1\" content=\"Tiempo de lectura\" \/>\n\t<meta name=\"twitter:data1\" content=\"1 minuto\" \/>\n<script type=\"application\/ld+json\" class=\"yoast-schema-graph\">{\"@context\":\"https:\/\/schema.org\",\"@graph\":[{\"@type\":\"WebPage\",\"@id\":\"https:\/\/morenovenier.com.ar\/shop\/producto\/bolsa-consorcio-90x110-x50u\/\",\"url\":\"https:\/\/morenovenier.com.ar\/shop\/producto\/bolsa-consorcio-90x110-x50u\/\",\"name\":\"Bolsa Consorcio 90x110 X50u. &ndash; Moreno &amp; Venier Shop\",\"isPartOf\":{\"@id\":\"https:\/\/morenovenier.com.ar\/shop\/#website\"},\"datePublished\":\"2021-11-05T21:51:59+00:00\",\"dateModified\":\"2026-05-04T12:22:38+00:00\",\"breadcrumb\":{\"@id\":\"https:\/\/morenovenier.com.ar\/shop\/producto\/bolsa-consorcio-90x110-x50u\/#breadcrumb\"},\"inLanguage\":\"es\",\"potentialAction\":[{\"@type\":\"ReadAction\",\"target\":[\"https:\/\/morenovenier.com.ar\/shop\/producto\/bolsa-consorcio-90x110-x50u\/\"]}]},{\"@type\":\"BreadcrumbList\",\"@id\":\"https:\/\/morenovenier.com.ar\/shop\/producto\/bolsa-consorcio-90x110-x50u\/#breadcrumb\",\"itemListElement\":[{\"@type\":\"ListItem\",\"position\":1,\"name\":\"Portada\",\"item\":\"https:\/\/morenovenier.com.ar\/shop\/\"},{\"@type\":\"ListItem\",\"position\":2,\"name\":\"Tienda\",\"item\":\"https:\/\/morenovenier.com.ar\/shop\/mis-productos\/\"},{\"@type\":\"ListItem\",\"position\":3,\"name\":\"Bolsa Consorcio 90&#215;110 X50u.\"}]},{\"@type\":\"WebSite\",\"@id\":\"https:\/\/morenovenier.com.ar\/shop\/#website\",\"url\":\"https:\/\/morenovenier.com.ar\/shop\/\",\"name\":\"Moreno &amp; Venier Shop\",\"description\":\"Comercializamos productos delectables\",\"publisher\":{\"@id\":\"https:\/\/morenovenier.com.ar\/shop\/#organization\"},\"potentialAction\":[{\"@type\":\"SearchAction\",\"target\":{\"@type\":\"EntryPoint\",\"urlTemplate\":\"https:\/\/morenovenier.com.ar\/shop\/?s={search_term_string}\"},\"query-input\":\"required name=search_term_string\"}],\"inLanguage\":\"es\"},{\"@type\":\"Organization\",\"@id\":\"https:\/\/morenovenier.com.ar\/shop\/#organization\",\"name\":\"Moreno y venier\",\"url\":\"https:\/\/morenovenier.com.ar\/shop\/\",\"sameAs\":[\"https:\/\/www.instagram.com\/morenoyvenier\/\",\"https:\/\/www.facebook.com\/morenoyvenier\"],\"logo\":{\"@type\":\"ImageObject\",\"inLanguage\":\"es\",\"@id\":\"https:\/\/morenovenier.com.ar\/shop\/#\/schema\/logo\/image\/\",\"url\":\"https:\/\/i1.wp.com\/morenovenier.com.ar\/shop\/wp-content\/uploads\/2020\/08\/ss.png?fit=818%2C236&ssl=1\",\"contentUrl\":\"https:\/\/i1.wp.com\/morenovenier.com.ar\/shop\/wp-content\/uploads\/2020\/08\/ss.png?fit=818%2C236&ssl=1\",\"width\":818,\"height\":236,\"caption\":\"Moreno y venier\"},\"image\":{\"@id\":\"https:\/\/morenovenier.com.ar\/shop\/#\/schema\/logo\/image\/\"}}]}<\/script>\n<!-- \/ Yoast SEO plugin. -->","yoast_head_json":{"title":"Bolsa Consorcio 90x110 X50u. &ndash; Moreno &amp; Venier Shop","robots":{"index":"index","follow":"follow","max-snippet":"max-snippet:-1","max-image-preview":"max-image-preview:large","max-video-preview":"max-video-preview:-1"},"canonical":"https:\/\/morenovenier.com.ar\/shop\/producto\/bolsa-consorcio-90x110-x50u\/","og_locale":"es_ES","og_type":"article","og_title":"Bolsa Consorcio 90x110 X50u. &ndash; Moreno &amp; Venier Shop","og_description":"Bolsas de Consorcio Reforzada. Color Negro. Presentaci\u00f3n: Pack x50u. Medidas. Erektile Dysfunktion kann sowohl k\u00f6rperliche als auch psychische Ursachen haben, die viele M\u00e4nner betreffen. Oft bleibt das Thema tabu, obwohl es wichtig ist, offen dar\u00fcber zu sprechen. Ein Blick in eine apotheke in \u00f6sterreich kann hilfreich sein, um die geeigneten Behandlungsm\u00f6glichkeiten zu finden. Viele M\u00e4nner [&hellip;]","og_url":"https:\/\/morenovenier.com.ar\/shop\/producto\/bolsa-consorcio-90x110-x50u\/","og_site_name":"Moreno &amp; Venier Shop","article_publisher":"https:\/\/www.facebook.com\/morenoyvenier","article_modified_time":"2026-05-04T12:22:38+00:00","og_image":[{"width":600,"height":600,"url":"https:\/\/morenovenier.com.ar\/shop\/wp-content\/uploads\/2021\/11\/Consorcio.jpeg","type":"image\/jpeg"}],"twitter_card":"summary_large_image","twitter_misc":{"Tiempo de lectura":"1 minuto"},"schema":{"@context":"https:\/\/schema.org","@graph":[{"@type":"WebPage","@id":"https:\/\/morenovenier.com.ar\/shop\/producto\/bolsa-consorcio-90x110-x50u\/","url":"https:\/\/morenovenier.com.ar\/shop\/producto\/bolsa-consorcio-90x110-x50u\/","name":"Bolsa Consorcio 90x110 X50u. &ndash; Moreno &amp; Venier Shop","isPartOf":{"@id":"https:\/\/morenovenier.com.ar\/shop\/#website"},"datePublished":"2021-11-05T21:51:59+00:00","dateModified":"2026-05-04T12:22:38+00:00","breadcrumb":{"@id":"https:\/\/morenovenier.com.ar\/shop\/producto\/bolsa-consorcio-90x110-x50u\/#breadcrumb"},"inLanguage":"es","potentialAction":[{"@type":"ReadAction","target":["https:\/\/morenovenier.com.ar\/shop\/producto\/bolsa-consorcio-90x110-x50u\/"]}]},{"@type":"BreadcrumbList","@id":"https:\/\/morenovenier.com.ar\/shop\/producto\/bolsa-consorcio-90x110-x50u\/#breadcrumb","itemListElement":[{"@type":"ListItem","position":1,"name":"Portada","item":"https:\/\/morenovenier.com.ar\/shop\/"},{"@type":"ListItem","position":2,"name":"Tienda","item":"https:\/\/morenovenier.com.ar\/shop\/mis-productos\/"},{"@type":"ListItem","position":3,"name":"Bolsa Consorcio 90&#215;110 X50u."}]},{"@type":"WebSite","@id":"https:\/\/morenovenier.com.ar\/shop\/#website","url":"https:\/\/morenovenier.com.ar\/shop\/","name":"Moreno &amp; Venier Shop","description":"Comercializamos productos delectables","publisher":{"@id":"https:\/\/morenovenier.com.ar\/shop\/#organization"},"potentialAction":[{"@type":"SearchAction","target":{"@type":"EntryPoint","urlTemplate":"https:\/\/morenovenier.com.ar\/shop\/?s={search_term_string}"},"query-input":"required name=search_term_string"}],"inLanguage":"es"},{"@type":"Organization","@id":"https:\/\/morenovenier.com.ar\/shop\/#organization","name":"Moreno y venier","url":"https:\/\/morenovenier.com.ar\/shop\/","sameAs":["https:\/\/www.instagram.com\/morenoyvenier\/","https:\/\/www.facebook.com\/morenoyvenier"],"logo":{"@type":"ImageObject","inLanguage":"es","@id":"https:\/\/morenovenier.com.ar\/shop\/#\/schema\/logo\/image\/","url":"https:\/\/i1.wp.com\/morenovenier.com.ar\/shop\/wp-content\/uploads\/2020\/08\/ss.png?fit=818%2C236&ssl=1","contentUrl":"https:\/\/i1.wp.com\/morenovenier.com.ar\/shop\/wp-content\/uploads\/2020\/08\/ss.png?fit=818%2C236&ssl=1","width":818,"height":236,"caption":"Moreno y venier"},"image":{"@id":"https:\/\/morenovenier.com.ar\/shop\/#\/schema\/logo\/image\/"}}]}},"_links":{"self":[{"href":"https:\/\/morenovenier.com.ar\/shop\/wp-json\/wp\/v2\/product\/3487"}],"collection":[{"href":"https:\/\/morenovenier.com.ar\/shop\/wp-json\/wp\/v2\/product"}],"about":[{"href":"https:\/\/morenovenier.com.ar\/shop\/wp-json\/wp\/v2\/types\/product"}],"version-history":[{"count":3,"href":"https:\/\/morenovenier.com.ar\/shop\/wp-json\/wp\/v2\/product\/3487\/revisions"}],"predecessor-version":[{"id":4733,"href":"https:\/\/morenovenier.com.ar\/shop\/wp-json\/wp\/v2\/product\/3487\/revisions\/4733"}],"wp:featuredmedia":[{"embeddable":true,"href":"https:\/\/morenovenier.com.ar\/shop\/wp-json\/wp\/v2\/media\/3787"}],"wp:attachment":[{"href":"https:\/\/morenovenier.com.ar\/shop\/wp-json\/wp\/v2\/media?parent=3487"}],"wp:term":[{"taxonomy":"product_cat","embeddable":true,"href":"https:\/\/morenovenier.com.ar\/shop\/wp-json\/wp\/v2\/product_cat?post=3487"},{"taxonomy":"product_tag","embeddable":true,"href":"https:\/\/morenovenier.com.ar\/shop\/wp-json\/wp\/v2\/product_tag?post=3487"}],"curies":[{"name":"wp","href":"https:\/\/api.w.org\/{rel}","templated":true}]}}