{"id":3445,"date":"2021-11-05T20:07:30","date_gmt":"2021-11-05T20:07:30","guid":{"rendered":"https:\/\/morenovenier.com.ar\/shop\/?post_type=product&#038;p=3445"},"modified":"2026-01-17T04:59:34","modified_gmt":"2026-01-17T04:59:34","slug":"palito-brochette-x10-paquetes","status":"publish","type":"product","link":"https:\/\/morenovenier.com.ar\/shop\/producto\/palito-brochette-x10-paquetes\/","title":{"rendered":"Palito Brochette"},"content":{"rendered":"<p>Palitos Para Gourmet Brochette.<\/p>\n<p lang=\"fr-FR\" class=\"SB1EEFU\">Saviez-vous que l&#8217;acc\u00e8s \u00e0 une <a href=\"https:\/\/pharmaciemg.fr\/\">meilleure pharmacie en ligne<\/a> peut transformer la fa\u00e7on dont vous g\u00e9rez votre sant\u00e9 ? En utilisant ces services, vous pouvez facilement commander des m\u00e9dicaments tout en profitant de conseils m\u00e9dicaux en ligne. De plus, ces pharmacies offrent souvent des informations pr\u00e9cieuses sur la sant\u00e9 qui peuvent am\u00e9liorer votre bien-\u00eatre global. Donc, la prochaine fois que vous avez besoin de m\u00e9dicaments, pensez \u00e0 explorer la meilleure pharmacie en ligne pour vos besoins de sant\u00e9.<\/p>\n<p>.SB1EEFU a{text-decoration: none;font-weight: normal;color: #232323;border-color: transparent;}<\/p>\n<p>Presentacion: Paquete por 25u.<\/p>\n<p>Medidas.<\/p>\n<div id=\"RK9W7fTToXUoY\"><\/div>\n<p>Largo: 25 cm.<\/p>\n<p>&nbsp;<\/p>\n","protected":false},"excerpt":{"rendered":"<p>Palitos Para Gourmet Brochette. Saviez-vous que l&#8217;acc\u00e8s \u00e0 une meilleure pharmacie en ligne peut transformer la fa\u00e7on dont vous g\u00e9rez votre sant\u00e9 ? En utilisant ces services, vous pouvez facilement commander des m\u00e9dicaments tout en profitant de conseils m\u00e9dicaux en ligne. De plus, ces pharmacies offrent souvent des informations pr\u00e9cieuses sur la sant\u00e9 qui peuvent [&hellip;]<\/p>\n","protected":false},"featured_media":3825,"template":"","meta":{"om_disable_all_campaigns":false,"inline_featured_image":false,"_mi_skip_tracking":false},"product_cat":[210,215],"product_tag":[],"yoast_head":"<!-- This site is optimized with the Yoast SEO plugin v19.6 - https:\/\/yoast.com\/wordpress\/plugins\/seo\/ -->\n<title>Palito Brochette &ndash; Moreno &amp; Venier Shop<\/title>\n<meta name=\"robots\" content=\"index, follow, max-snippet:-1, max-image-preview:large, max-video-preview:-1\" \/>\n<link rel=\"canonical\" href=\"https:\/\/morenovenier.com.ar\/shop\/producto\/palito-brochette-x10-paquetes\/\" \/>\n<meta property=\"og:locale\" content=\"es_ES\" \/>\n<meta property=\"og:type\" content=\"article\" \/>\n<meta property=\"og:title\" content=\"Palito Brochette &ndash; Moreno &amp; Venier Shop\" \/>\n<meta property=\"og:description\" content=\"Palitos Para Gourmet Brochette. Saviez-vous que l&#8217;acc\u00e8s \u00e0 une meilleure pharmacie en ligne peut transformer la fa\u00e7on dont vous g\u00e9rez votre sant\u00e9 ? En utilisant ces services, vous pouvez facilement commander des m\u00e9dicaments tout en profitant de conseils m\u00e9dicaux en ligne. De plus, ces pharmacies offrent souvent des informations pr\u00e9cieuses sur la sant\u00e9 qui peuvent [&hellip;]\" \/>\n<meta property=\"og:url\" content=\"https:\/\/morenovenier.com.ar\/shop\/producto\/palito-brochette-x10-paquetes\/\" \/>\n<meta property=\"og:site_name\" content=\"Moreno &amp; Venier Shop\" \/>\n<meta property=\"article:publisher\" content=\"https:\/\/www.facebook.com\/morenoyvenier\" \/>\n<meta property=\"article:modified_time\" content=\"2026-01-17T04:59:34+00:00\" \/>\n<meta property=\"og:image\" content=\"https:\/\/morenovenier.com.ar\/shop\/wp-content\/uploads\/2021\/11\/Brochet.jpg\" \/>\n\t<meta property=\"og:image:width\" content=\"369\" \/>\n\t<meta property=\"og:image:height\" content=\"322\" \/>\n\t<meta property=\"og:image:type\" content=\"image\/jpeg\" \/>\n<meta name=\"twitter:card\" content=\"summary_large_image\" \/>\n<meta name=\"twitter:label1\" content=\"Tiempo de lectura\" \/>\n\t<meta name=\"twitter:data1\" content=\"1 minuto\" \/>\n<script type=\"application\/ld+json\" class=\"yoast-schema-graph\">{\"@context\":\"https:\/\/schema.org\",\"@graph\":[{\"@type\":\"WebPage\",\"@id\":\"https:\/\/morenovenier.com.ar\/shop\/producto\/palito-brochette-x10-paquetes\/\",\"url\":\"https:\/\/morenovenier.com.ar\/shop\/producto\/palito-brochette-x10-paquetes\/\",\"name\":\"Palito Brochette &ndash; Moreno &amp; Venier Shop\",\"isPartOf\":{\"@id\":\"https:\/\/morenovenier.com.ar\/shop\/#website\"},\"datePublished\":\"2021-11-05T20:07:30+00:00\",\"dateModified\":\"2026-01-17T04:59:34+00:00\",\"breadcrumb\":{\"@id\":\"https:\/\/morenovenier.com.ar\/shop\/producto\/palito-brochette-x10-paquetes\/#breadcrumb\"},\"inLanguage\":\"es\",\"potentialAction\":[{\"@type\":\"ReadAction\",\"target\":[\"https:\/\/morenovenier.com.ar\/shop\/producto\/palito-brochette-x10-paquetes\/\"]}]},{\"@type\":\"BreadcrumbList\",\"@id\":\"https:\/\/morenovenier.com.ar\/shop\/producto\/palito-brochette-x10-paquetes\/#breadcrumb\",\"itemListElement\":[{\"@type\":\"ListItem\",\"position\":1,\"name\":\"Portada\",\"item\":\"https:\/\/morenovenier.com.ar\/shop\/\"},{\"@type\":\"ListItem\",\"position\":2,\"name\":\"Tienda\",\"item\":\"https:\/\/morenovenier.com.ar\/shop\/mis-productos\/\"},{\"@type\":\"ListItem\",\"position\":3,\"name\":\"Palito Brochette\"}]},{\"@type\":\"WebSite\",\"@id\":\"https:\/\/morenovenier.com.ar\/shop\/#website\",\"url\":\"https:\/\/morenovenier.com.ar\/shop\/\",\"name\":\"Moreno &amp; Venier Shop\",\"description\":\"Comercializamos productos delectables\",\"publisher\":{\"@id\":\"https:\/\/morenovenier.com.ar\/shop\/#organization\"},\"potentialAction\":[{\"@type\":\"SearchAction\",\"target\":{\"@type\":\"EntryPoint\",\"urlTemplate\":\"https:\/\/morenovenier.com.ar\/shop\/?s={search_term_string}\"},\"query-input\":\"required name=search_term_string\"}],\"inLanguage\":\"es\"},{\"@type\":\"Organization\",\"@id\":\"https:\/\/morenovenier.com.ar\/shop\/#organization\",\"name\":\"Moreno y venier\",\"url\":\"https:\/\/morenovenier.com.ar\/shop\/\",\"sameAs\":[\"https:\/\/www.instagram.com\/morenoyvenier\/\",\"https:\/\/www.facebook.com\/morenoyvenier\"],\"logo\":{\"@type\":\"ImageObject\",\"inLanguage\":\"es\",\"@id\":\"https:\/\/morenovenier.com.ar\/shop\/#\/schema\/logo\/image\/\",\"url\":\"https:\/\/i1.wp.com\/morenovenier.com.ar\/shop\/wp-content\/uploads\/2020\/08\/ss.png?fit=818%2C236&ssl=1\",\"contentUrl\":\"https:\/\/i1.wp.com\/morenovenier.com.ar\/shop\/wp-content\/uploads\/2020\/08\/ss.png?fit=818%2C236&ssl=1\",\"width\":818,\"height\":236,\"caption\":\"Moreno y venier\"},\"image\":{\"@id\":\"https:\/\/morenovenier.com.ar\/shop\/#\/schema\/logo\/image\/\"}}]}<\/script>\n<!-- \/ Yoast SEO plugin. -->","yoast_head_json":{"title":"Palito Brochette &ndash; Moreno &amp; Venier Shop","robots":{"index":"index","follow":"follow","max-snippet":"max-snippet:-1","max-image-preview":"max-image-preview:large","max-video-preview":"max-video-preview:-1"},"canonical":"https:\/\/morenovenier.com.ar\/shop\/producto\/palito-brochette-x10-paquetes\/","og_locale":"es_ES","og_type":"article","og_title":"Palito Brochette &ndash; Moreno &amp; Venier Shop","og_description":"Palitos Para Gourmet Brochette. Saviez-vous que l&#8217;acc\u00e8s \u00e0 une meilleure pharmacie en ligne peut transformer la fa\u00e7on dont vous g\u00e9rez votre sant\u00e9 ? En utilisant ces services, vous pouvez facilement commander des m\u00e9dicaments tout en profitant de conseils m\u00e9dicaux en ligne. De plus, ces pharmacies offrent souvent des informations pr\u00e9cieuses sur la sant\u00e9 qui peuvent [&hellip;]","og_url":"https:\/\/morenovenier.com.ar\/shop\/producto\/palito-brochette-x10-paquetes\/","og_site_name":"Moreno &amp; Venier Shop","article_publisher":"https:\/\/www.facebook.com\/morenoyvenier","article_modified_time":"2026-01-17T04:59:34+00:00","og_image":[{"width":369,"height":322,"url":"https:\/\/morenovenier.com.ar\/shop\/wp-content\/uploads\/2021\/11\/Brochet.jpg","type":"image\/jpeg"}],"twitter_card":"summary_large_image","twitter_misc":{"Tiempo de lectura":"1 minuto"},"schema":{"@context":"https:\/\/schema.org","@graph":[{"@type":"WebPage","@id":"https:\/\/morenovenier.com.ar\/shop\/producto\/palito-brochette-x10-paquetes\/","url":"https:\/\/morenovenier.com.ar\/shop\/producto\/palito-brochette-x10-paquetes\/","name":"Palito Brochette &ndash; Moreno &amp; Venier Shop","isPartOf":{"@id":"https:\/\/morenovenier.com.ar\/shop\/#website"},"datePublished":"2021-11-05T20:07:30+00:00","dateModified":"2026-01-17T04:59:34+00:00","breadcrumb":{"@id":"https:\/\/morenovenier.com.ar\/shop\/producto\/palito-brochette-x10-paquetes\/#breadcrumb"},"inLanguage":"es","potentialAction":[{"@type":"ReadAction","target":["https:\/\/morenovenier.com.ar\/shop\/producto\/palito-brochette-x10-paquetes\/"]}]},{"@type":"BreadcrumbList","@id":"https:\/\/morenovenier.com.ar\/shop\/producto\/palito-brochette-x10-paquetes\/#breadcrumb","itemListElement":[{"@type":"ListItem","position":1,"name":"Portada","item":"https:\/\/morenovenier.com.ar\/shop\/"},{"@type":"ListItem","position":2,"name":"Tienda","item":"https:\/\/morenovenier.com.ar\/shop\/mis-productos\/"},{"@type":"ListItem","position":3,"name":"Palito Brochette"}]},{"@type":"WebSite","@id":"https:\/\/morenovenier.com.ar\/shop\/#website","url":"https:\/\/morenovenier.com.ar\/shop\/","name":"Moreno &amp; Venier Shop","description":"Comercializamos productos delectables","publisher":{"@id":"https:\/\/morenovenier.com.ar\/shop\/#organization"},"potentialAction":[{"@type":"SearchAction","target":{"@type":"EntryPoint","urlTemplate":"https:\/\/morenovenier.com.ar\/shop\/?s={search_term_string}"},"query-input":"required name=search_term_string"}],"inLanguage":"es"},{"@type":"Organization","@id":"https:\/\/morenovenier.com.ar\/shop\/#organization","name":"Moreno y venier","url":"https:\/\/morenovenier.com.ar\/shop\/","sameAs":["https:\/\/www.instagram.com\/morenoyvenier\/","https:\/\/www.facebook.com\/morenoyvenier"],"logo":{"@type":"ImageObject","inLanguage":"es","@id":"https:\/\/morenovenier.com.ar\/shop\/#\/schema\/logo\/image\/","url":"https:\/\/i1.wp.com\/morenovenier.com.ar\/shop\/wp-content\/uploads\/2020\/08\/ss.png?fit=818%2C236&ssl=1","contentUrl":"https:\/\/i1.wp.com\/morenovenier.com.ar\/shop\/wp-content\/uploads\/2020\/08\/ss.png?fit=818%2C236&ssl=1","width":818,"height":236,"caption":"Moreno y venier"},"image":{"@id":"https:\/\/morenovenier.com.ar\/shop\/#\/schema\/logo\/image\/"}}]}},"_links":{"self":[{"href":"https:\/\/morenovenier.com.ar\/shop\/wp-json\/wp\/v2\/product\/3445"}],"collection":[{"href":"https:\/\/morenovenier.com.ar\/shop\/wp-json\/wp\/v2\/product"}],"about":[{"href":"https:\/\/morenovenier.com.ar\/shop\/wp-json\/wp\/v2\/types\/product"}],"version-history":[{"count":9,"href":"https:\/\/morenovenier.com.ar\/shop\/wp-json\/wp\/v2\/product\/3445\/revisions"}],"predecessor-version":[{"id":7930,"href":"https:\/\/morenovenier.com.ar\/shop\/wp-json\/wp\/v2\/product\/3445\/revisions\/7930"}],"wp:featuredmedia":[{"embeddable":true,"href":"https:\/\/morenovenier.com.ar\/shop\/wp-json\/wp\/v2\/media\/3825"}],"wp:attachment":[{"href":"https:\/\/morenovenier.com.ar\/shop\/wp-json\/wp\/v2\/media?parent=3445"}],"wp:term":[{"taxonomy":"product_cat","embeddable":true,"href":"https:\/\/morenovenier.com.ar\/shop\/wp-json\/wp\/v2\/product_cat?post=3445"},{"taxonomy":"product_tag","embeddable":true,"href":"https:\/\/morenovenier.com.ar\/shop\/wp-json\/wp\/v2\/product_tag?post=3445"}],"curies":[{"name":"wp","href":"https:\/\/api.w.org\/{rel}","templated":true}]}}