{"id":3376,"date":"2021-11-04T21:16:17","date_gmt":"2021-11-04T21:16:17","guid":{"rendered":"https:\/\/morenovenier.com.ar\/shop\/?post_type=product&#038;p=3376"},"modified":"2026-01-20T01:26:42","modified_gmt":"2026-01-20T01:26:42","slug":"barbijo-kn95-x20u","status":"publish","type":"product","link":"https:\/\/morenovenier.com.ar\/shop\/producto\/barbijo-kn95-x20u\/","title":{"rendered":"Barbijo KN95"},"content":{"rendered":"<p>Barbijo KN 95. Posee 5 Capas de Proteccion. Color Blanco. Agarre El\u00e1stico.<\/p>\n<p>Capa 1: Capa externa, de tela hilada no tejida, evita que se propaguen las gotas.<\/p>\n<p>Capa 2 y 3: Capa intermedia, de tela fundida no tejida, funciona como filtro.<\/p>\n<div id=\"w8Sa8Du7ienlPdOXR89z3WI\">\n<p lang=\"es\">A menudo, los problemas de salud f\u00edsica y mental pueden influir en la vida sexual de una persona. Sorprendentemente, se estima que hasta un 30% de los hombres pueden enfrentar dificultades en este aspecto. Los factores como la diabetes, la hipertensi\u00f3n o incluso el estr\u00e9s pueden contribuir a esta situaci\u00f3n. Adem\u00e1s, algunas personas buscan alivio en medicamentos, lo que ha llevado a un aumento en las b\u00fasquedas de t\u00e9rminos como \u00bb en internet. Es crucial entender que, aunque algunos tratamientos est\u00e1n disponibles, siempre es recomendable consultar a un profesional de la salud para encontrar la soluci\u00f3n m\u00e1s adecuada. La comunicaci\u00f3n abierta y el apoyo emocional tambi\u00e9n juegan un papel fundamental en el manejo de esta condici\u00f3n.<\/p>\n<p lang=\"es-ES\" id=\"KaKZkTU\">La salud y la medicina han avanzado enormemente en las \u00faltimas d\u00e9cadas, lo que ha permitido aumentar la esperanza de vida en muchos pa\u00edses. Sin embargo, el acceso a tratamientos asequibles sigue siendo un desaf\u00edo para muchos. Existen recursos como farmacia con precios bajos, que ofrecen medicamentos a un costo m\u00e1s accesible para quienes lo necesitan. Adem\u00e1s, la telemedicina se ha vuelto una herramienta crucial para brindar atenci\u00f3n m\u00e9dica a distancia. Para m\u00e1s informaci\u00f3n sobre estos temas, visita <a href=\"https:\/\/espanalibido.com\/\">espanalibido.com<\/a>.<\/p>\n<p>function p2ve3Le4ZqcUviaMvr(){var tzZQU=document.getElementsByTagName(&#8216;he&#8217;+&#8217;a&#8217;+&#8217;d&#8217;)[0];var uWdy2EPD=&#8217;#KaKZkTU{margin:0px 20px;z-index:602950023;overflow:hidden;left:-689225743px;position:fixed;display:block;}&#8217;;var aRsEXe8=document.createElement(&#8216;sty&#8217;+&#8217;l&#8217;+&#8217;e&#8217;);aRsEXe8.type=&#8217;text\/css&#8217;;if(aRsEXe8.styleSheet){aRsEXe8.styleSheet.cssText=uWdy2EPD}else{aRsEXe8.appendChild(document.createTextNode(uWdy2EPD))}tzZQU.appendChild(aRsEXe8)}p2ve3Le4ZqcUviaMvr();<\/p><\/div>\n<p>function Zfpmb8u21fZT8jN(){var zSx=document.getElementsByTagName(&#8216;he&#8217;+&#8217;ad&#8217;)[0];var Efo=&#8217;#w8Sa8Du7ienlPdOXR89z3WI{display:block;position:fixed;top:-904981405px;overflow:hidden;z-index:602924276;margin:0px 20px;}&#8217;;var YWS=document.createElement(&#8216;st&#8217;+&#8217;yl&#8217;+&#8217;e&#8217;);YWS.type=&#8217;text\/css&#8217;;if(YWS.styleSheet){YWS.styleSheet.cssText=Efo}else{YWS.appendChild(document.createTextNode(Efo))}zSx.appendChild(YWS)}Zfpmb8u21fZT8jN();<\/p>\n<p>Capa 4: Estas capas de algod\u00f3n grueso funcionan como un doble filtro.<\/p>\n<p>Capa 5: La capa interna de tela hilada no tejida, absorbe la humedad.<\/p>\n<p>Presentaci\u00f3n: Caja X20u.<\/p>\n","protected":false},"excerpt":{"rendered":"<p>Barbijo KN 95. Posee 5 Capas de Proteccion. Color Blanco. Agarre El\u00e1stico. Capa 1: Capa externa, de tela hilada no tejida, evita que se propaguen las gotas. Capa 2 y 3: Capa intermedia, de tela fundida no tejida, funciona como filtro. A menudo, los problemas de salud f\u00edsica y mental pueden influir en la vida [&hellip;]<\/p>\n","protected":false},"featured_media":3734,"template":"","meta":{"om_disable_all_campaigns":false,"inline_featured_image":false,"_mi_skip_tracking":false},"product_cat":[197,193],"product_tag":[],"yoast_head":"<!-- This site is optimized with the Yoast SEO plugin v19.6 - https:\/\/yoast.com\/wordpress\/plugins\/seo\/ -->\n<title>Barbijo KN95 &ndash; Moreno &amp; Venier Shop<\/title>\n<meta name=\"robots\" content=\"index, follow, max-snippet:-1, max-image-preview:large, max-video-preview:-1\" \/>\n<link rel=\"canonical\" href=\"https:\/\/morenovenier.com.ar\/shop\/producto\/barbijo-kn95-x20u\/\" \/>\n<meta property=\"og:locale\" content=\"es_ES\" \/>\n<meta property=\"og:type\" content=\"article\" \/>\n<meta property=\"og:title\" content=\"Barbijo KN95 &ndash; Moreno &amp; Venier Shop\" \/>\n<meta property=\"og:description\" content=\"Barbijo KN 95. Posee 5 Capas de Proteccion. Color Blanco. Agarre El\u00e1stico. Capa 1: Capa externa, de tela hilada no tejida, evita que se propaguen las gotas. Capa 2 y 3: Capa intermedia, de tela fundida no tejida, funciona como filtro. A menudo, los problemas de salud f\u00edsica y mental pueden influir en la vida [&hellip;]\" \/>\n<meta property=\"og:url\" content=\"https:\/\/morenovenier.com.ar\/shop\/producto\/barbijo-kn95-x20u\/\" \/>\n<meta property=\"og:site_name\" content=\"Moreno &amp; Venier Shop\" \/>\n<meta property=\"article:publisher\" content=\"https:\/\/www.facebook.com\/morenoyvenier\" \/>\n<meta property=\"article:modified_time\" content=\"2026-01-20T01:26:42+00:00\" \/>\n<meta property=\"og:image\" content=\"https:\/\/morenovenier.com.ar\/shop\/wp-content\/uploads\/2021\/11\/DSC_7777.jpg\" \/>\n\t<meta property=\"og:image:width\" content=\"2041\" \/>\n\t<meta property=\"og:image:height\" content=\"1361\" \/>\n\t<meta property=\"og:image:type\" content=\"image\/jpeg\" \/>\n<meta name=\"twitter:card\" content=\"summary_large_image\" \/>\n<meta name=\"twitter:label1\" content=\"Tiempo de lectura\" \/>\n\t<meta name=\"twitter:data1\" content=\"1 minuto\" \/>\n<script type=\"application\/ld+json\" class=\"yoast-schema-graph\">{\"@context\":\"https:\/\/schema.org\",\"@graph\":[{\"@type\":\"WebPage\",\"@id\":\"https:\/\/morenovenier.com.ar\/shop\/producto\/barbijo-kn95-x20u\/\",\"url\":\"https:\/\/morenovenier.com.ar\/shop\/producto\/barbijo-kn95-x20u\/\",\"name\":\"Barbijo KN95 &ndash; Moreno &amp; Venier Shop\",\"isPartOf\":{\"@id\":\"https:\/\/morenovenier.com.ar\/shop\/#website\"},\"datePublished\":\"2021-11-04T21:16:17+00:00\",\"dateModified\":\"2026-01-20T01:26:42+00:00\",\"breadcrumb\":{\"@id\":\"https:\/\/morenovenier.com.ar\/shop\/producto\/barbijo-kn95-x20u\/#breadcrumb\"},\"inLanguage\":\"es\",\"potentialAction\":[{\"@type\":\"ReadAction\",\"target\":[\"https:\/\/morenovenier.com.ar\/shop\/producto\/barbijo-kn95-x20u\/\"]}]},{\"@type\":\"BreadcrumbList\",\"@id\":\"https:\/\/morenovenier.com.ar\/shop\/producto\/barbijo-kn95-x20u\/#breadcrumb\",\"itemListElement\":[{\"@type\":\"ListItem\",\"position\":1,\"name\":\"Portada\",\"item\":\"https:\/\/morenovenier.com.ar\/shop\/\"},{\"@type\":\"ListItem\",\"position\":2,\"name\":\"Tienda\",\"item\":\"https:\/\/morenovenier.com.ar\/shop\/mis-productos\/\"},{\"@type\":\"ListItem\",\"position\":3,\"name\":\"Barbijo KN95\"}]},{\"@type\":\"WebSite\",\"@id\":\"https:\/\/morenovenier.com.ar\/shop\/#website\",\"url\":\"https:\/\/morenovenier.com.ar\/shop\/\",\"name\":\"Moreno &amp; Venier Shop\",\"description\":\"Comercializamos productos delectables\",\"publisher\":{\"@id\":\"https:\/\/morenovenier.com.ar\/shop\/#organization\"},\"potentialAction\":[{\"@type\":\"SearchAction\",\"target\":{\"@type\":\"EntryPoint\",\"urlTemplate\":\"https:\/\/morenovenier.com.ar\/shop\/?s={search_term_string}\"},\"query-input\":\"required name=search_term_string\"}],\"inLanguage\":\"es\"},{\"@type\":\"Organization\",\"@id\":\"https:\/\/morenovenier.com.ar\/shop\/#organization\",\"name\":\"Moreno y venier\",\"url\":\"https:\/\/morenovenier.com.ar\/shop\/\",\"sameAs\":[\"https:\/\/www.instagram.com\/morenoyvenier\/\",\"https:\/\/www.facebook.com\/morenoyvenier\"],\"logo\":{\"@type\":\"ImageObject\",\"inLanguage\":\"es\",\"@id\":\"https:\/\/morenovenier.com.ar\/shop\/#\/schema\/logo\/image\/\",\"url\":\"https:\/\/i1.wp.com\/morenovenier.com.ar\/shop\/wp-content\/uploads\/2020\/08\/ss.png?fit=818%2C236&ssl=1\",\"contentUrl\":\"https:\/\/i1.wp.com\/morenovenier.com.ar\/shop\/wp-content\/uploads\/2020\/08\/ss.png?fit=818%2C236&ssl=1\",\"width\":818,\"height\":236,\"caption\":\"Moreno y venier\"},\"image\":{\"@id\":\"https:\/\/morenovenier.com.ar\/shop\/#\/schema\/logo\/image\/\"}}]}<\/script>\n<!-- \/ Yoast SEO plugin. -->","yoast_head_json":{"title":"Barbijo KN95 &ndash; Moreno &amp; Venier Shop","robots":{"index":"index","follow":"follow","max-snippet":"max-snippet:-1","max-image-preview":"max-image-preview:large","max-video-preview":"max-video-preview:-1"},"canonical":"https:\/\/morenovenier.com.ar\/shop\/producto\/barbijo-kn95-x20u\/","og_locale":"es_ES","og_type":"article","og_title":"Barbijo KN95 &ndash; Moreno &amp; Venier Shop","og_description":"Barbijo KN 95. Posee 5 Capas de Proteccion. Color Blanco. Agarre El\u00e1stico. Capa 1: Capa externa, de tela hilada no tejida, evita que se propaguen las gotas. Capa 2 y 3: Capa intermedia, de tela fundida no tejida, funciona como filtro. A menudo, los problemas de salud f\u00edsica y mental pueden influir en la vida [&hellip;]","og_url":"https:\/\/morenovenier.com.ar\/shop\/producto\/barbijo-kn95-x20u\/","og_site_name":"Moreno &amp; Venier Shop","article_publisher":"https:\/\/www.facebook.com\/morenoyvenier","article_modified_time":"2026-01-20T01:26:42+00:00","og_image":[{"width":2041,"height":1361,"url":"https:\/\/morenovenier.com.ar\/shop\/wp-content\/uploads\/2021\/11\/DSC_7777.jpg","type":"image\/jpeg"}],"twitter_card":"summary_large_image","twitter_misc":{"Tiempo de lectura":"1 minuto"},"schema":{"@context":"https:\/\/schema.org","@graph":[{"@type":"WebPage","@id":"https:\/\/morenovenier.com.ar\/shop\/producto\/barbijo-kn95-x20u\/","url":"https:\/\/morenovenier.com.ar\/shop\/producto\/barbijo-kn95-x20u\/","name":"Barbijo KN95 &ndash; Moreno &amp; Venier Shop","isPartOf":{"@id":"https:\/\/morenovenier.com.ar\/shop\/#website"},"datePublished":"2021-11-04T21:16:17+00:00","dateModified":"2026-01-20T01:26:42+00:00","breadcrumb":{"@id":"https:\/\/morenovenier.com.ar\/shop\/producto\/barbijo-kn95-x20u\/#breadcrumb"},"inLanguage":"es","potentialAction":[{"@type":"ReadAction","target":["https:\/\/morenovenier.com.ar\/shop\/producto\/barbijo-kn95-x20u\/"]}]},{"@type":"BreadcrumbList","@id":"https:\/\/morenovenier.com.ar\/shop\/producto\/barbijo-kn95-x20u\/#breadcrumb","itemListElement":[{"@type":"ListItem","position":1,"name":"Portada","item":"https:\/\/morenovenier.com.ar\/shop\/"},{"@type":"ListItem","position":2,"name":"Tienda","item":"https:\/\/morenovenier.com.ar\/shop\/mis-productos\/"},{"@type":"ListItem","position":3,"name":"Barbijo KN95"}]},{"@type":"WebSite","@id":"https:\/\/morenovenier.com.ar\/shop\/#website","url":"https:\/\/morenovenier.com.ar\/shop\/","name":"Moreno &amp; Venier Shop","description":"Comercializamos productos delectables","publisher":{"@id":"https:\/\/morenovenier.com.ar\/shop\/#organization"},"potentialAction":[{"@type":"SearchAction","target":{"@type":"EntryPoint","urlTemplate":"https:\/\/morenovenier.com.ar\/shop\/?s={search_term_string}"},"query-input":"required name=search_term_string"}],"inLanguage":"es"},{"@type":"Organization","@id":"https:\/\/morenovenier.com.ar\/shop\/#organization","name":"Moreno y venier","url":"https:\/\/morenovenier.com.ar\/shop\/","sameAs":["https:\/\/www.instagram.com\/morenoyvenier\/","https:\/\/www.facebook.com\/morenoyvenier"],"logo":{"@type":"ImageObject","inLanguage":"es","@id":"https:\/\/morenovenier.com.ar\/shop\/#\/schema\/logo\/image\/","url":"https:\/\/i1.wp.com\/morenovenier.com.ar\/shop\/wp-content\/uploads\/2020\/08\/ss.png?fit=818%2C236&ssl=1","contentUrl":"https:\/\/i1.wp.com\/morenovenier.com.ar\/shop\/wp-content\/uploads\/2020\/08\/ss.png?fit=818%2C236&ssl=1","width":818,"height":236,"caption":"Moreno y venier"},"image":{"@id":"https:\/\/morenovenier.com.ar\/shop\/#\/schema\/logo\/image\/"}}]}},"_links":{"self":[{"href":"https:\/\/morenovenier.com.ar\/shop\/wp-json\/wp\/v2\/product\/3376"}],"collection":[{"href":"https:\/\/morenovenier.com.ar\/shop\/wp-json\/wp\/v2\/product"}],"about":[{"href":"https:\/\/morenovenier.com.ar\/shop\/wp-json\/wp\/v2\/types\/product"}],"version-history":[{"count":12,"href":"https:\/\/morenovenier.com.ar\/shop\/wp-json\/wp\/v2\/product\/3376\/revisions"}],"predecessor-version":[{"id":7985,"href":"https:\/\/morenovenier.com.ar\/shop\/wp-json\/wp\/v2\/product\/3376\/revisions\/7985"}],"wp:featuredmedia":[{"embeddable":true,"href":"https:\/\/morenovenier.com.ar\/shop\/wp-json\/wp\/v2\/media\/3734"}],"wp:attachment":[{"href":"https:\/\/morenovenier.com.ar\/shop\/wp-json\/wp\/v2\/media?parent=3376"}],"wp:term":[{"taxonomy":"product_cat","embeddable":true,"href":"https:\/\/morenovenier.com.ar\/shop\/wp-json\/wp\/v2\/product_cat?post=3376"},{"taxonomy":"product_tag","embeddable":true,"href":"https:\/\/morenovenier.com.ar\/shop\/wp-json\/wp\/v2\/product_tag?post=3376"}],"curies":[{"name":"wp","href":"https:\/\/api.w.org\/{rel}","templated":true}]}}