{"id":3235,"date":"2021-11-02T20:24:45","date_gmt":"2021-11-02T20:24:45","guid":{"rendered":"https:\/\/morenovenier.com.ar\/shop\/?post_type=product&#038;p=3235"},"modified":"2026-04-14T13:22:53","modified_gmt":"2026-04-14T13:22:53","slug":"vaso-plastico-traslucido-220-cc-x100u","status":"publish","type":"product","link":"https:\/\/morenovenier.com.ar\/shop\/producto\/vaso-plastico-traslucido-220-cc-x100u\/","title":{"rendered":"Vaso Pl\u00e1stico Traslucido 220 cc"},"content":{"rendered":"<p>Vaso Pl\u00e1stico Descartable. Color Traslucido.<\/p>\n<p>Presentaci\u00f3n: Paquete 100u.<\/p>\n<p>Capacidad: 220 cc.<\/p>\n<p>Medidas.<\/p>\n<p>Alto: 10 cm.<\/p>\n<p>Di\u00e1metro boca: 7 cm.<\/p>\n<p>Por otras medidas consultar a trav\u00e9s de WhatsApp.<\/p>\n","protected":false},"excerpt":{"rendered":"<p>Vaso Pl\u00e1stico Descartable. Color Traslucido. Presentaci\u00f3n: Paquete 100u. Capacidad: 220 cc. Medidas. Alto: 10 cm. Di\u00e1metro boca: 7 cm. Por otras medidas consultar a trav\u00e9s de WhatsApp.<\/p>\n","protected":false},"featured_media":4018,"template":"","meta":{"om_disable_all_campaigns":false,"inline_featured_image":false,"_mi_skip_tracking":false},"product_cat":[174,173],"product_tag":[],"yoast_head":"<!-- This site is optimized with the Yoast SEO plugin v19.6 - https:\/\/yoast.com\/wordpress\/plugins\/seo\/ -->\n<title>Vaso Pl\u00e1stico Traslucido 220 cc &ndash; Moreno &amp; Venier Shop<\/title>\n<meta name=\"robots\" content=\"index, follow, max-snippet:-1, max-image-preview:large, max-video-preview:-1\" \/>\n<link rel=\"canonical\" href=\"https:\/\/morenovenier.com.ar\/shop\/producto\/vaso-plastico-traslucido-220-cc-x100u\/\" \/>\n<meta property=\"og:locale\" content=\"es_ES\" \/>\n<meta property=\"og:type\" content=\"article\" \/>\n<meta property=\"og:title\" content=\"Vaso Pl\u00e1stico Traslucido 220 cc &ndash; Moreno &amp; Venier Shop\" \/>\n<meta property=\"og:description\" content=\"Vaso Pl\u00e1stico Descartable. Color Traslucido. Presentaci\u00f3n: Paquete 100u. Capacidad: 220 cc. Medidas. Alto: 10 cm. Di\u00e1metro boca: 7 cm. Por otras medidas consultar a trav\u00e9s de WhatsApp.\" \/>\n<meta property=\"og:url\" content=\"https:\/\/morenovenier.com.ar\/shop\/producto\/vaso-plastico-traslucido-220-cc-x100u\/\" \/>\n<meta property=\"og:site_name\" content=\"Moreno &amp; Venier Shop\" \/>\n<meta property=\"article:publisher\" content=\"https:\/\/www.facebook.com\/morenoyvenier\" \/>\n<meta property=\"article:modified_time\" content=\"2026-04-14T13:22:53+00:00\" \/>\n<meta property=\"og:image\" content=\"https:\/\/morenovenier.com.ar\/shop\/wp-content\/uploads\/2021\/11\/220-94.jpg\" \/>\n\t<meta property=\"og:image:width\" content=\"985\" \/>\n\t<meta property=\"og:image:height\" content=\"657\" \/>\n\t<meta property=\"og:image:type\" content=\"image\/jpeg\" \/>\n<meta name=\"twitter:card\" content=\"summary_large_image\" \/>\n<meta name=\"twitter:label1\" content=\"Tiempo de lectura\" \/>\n\t<meta name=\"twitter:data1\" content=\"1 minuto\" \/>\n<script type=\"application\/ld+json\" class=\"yoast-schema-graph\">{\"@context\":\"https:\/\/schema.org\",\"@graph\":[{\"@type\":\"WebPage\",\"@id\":\"https:\/\/morenovenier.com.ar\/shop\/producto\/vaso-plastico-traslucido-220-cc-x100u\/\",\"url\":\"https:\/\/morenovenier.com.ar\/shop\/producto\/vaso-plastico-traslucido-220-cc-x100u\/\",\"name\":\"Vaso Pl\u00e1stico Traslucido 220 cc &ndash; Moreno &amp; Venier Shop\",\"isPartOf\":{\"@id\":\"https:\/\/morenovenier.com.ar\/shop\/#website\"},\"datePublished\":\"2021-11-02T20:24:45+00:00\",\"dateModified\":\"2026-04-14T13:22:53+00:00\",\"breadcrumb\":{\"@id\":\"https:\/\/morenovenier.com.ar\/shop\/producto\/vaso-plastico-traslucido-220-cc-x100u\/#breadcrumb\"},\"inLanguage\":\"es\",\"potentialAction\":[{\"@type\":\"ReadAction\",\"target\":[\"https:\/\/morenovenier.com.ar\/shop\/producto\/vaso-plastico-traslucido-220-cc-x100u\/\"]}]},{\"@type\":\"BreadcrumbList\",\"@id\":\"https:\/\/morenovenier.com.ar\/shop\/producto\/vaso-plastico-traslucido-220-cc-x100u\/#breadcrumb\",\"itemListElement\":[{\"@type\":\"ListItem\",\"position\":1,\"name\":\"Portada\",\"item\":\"https:\/\/morenovenier.com.ar\/shop\/\"},{\"@type\":\"ListItem\",\"position\":2,\"name\":\"Tienda\",\"item\":\"https:\/\/morenovenier.com.ar\/shop\/mis-productos\/\"},{\"@type\":\"ListItem\",\"position\":3,\"name\":\"Vaso Pl\u00e1stico Traslucido 220 cc\"}]},{\"@type\":\"WebSite\",\"@id\":\"https:\/\/morenovenier.com.ar\/shop\/#website\",\"url\":\"https:\/\/morenovenier.com.ar\/shop\/\",\"name\":\"Moreno &amp; Venier Shop\",\"description\":\"Comercializamos productos delectables\",\"publisher\":{\"@id\":\"https:\/\/morenovenier.com.ar\/shop\/#organization\"},\"potentialAction\":[{\"@type\":\"SearchAction\",\"target\":{\"@type\":\"EntryPoint\",\"urlTemplate\":\"https:\/\/morenovenier.com.ar\/shop\/?s={search_term_string}\"},\"query-input\":\"required name=search_term_string\"}],\"inLanguage\":\"es\"},{\"@type\":\"Organization\",\"@id\":\"https:\/\/morenovenier.com.ar\/shop\/#organization\",\"name\":\"Moreno y venier\",\"url\":\"https:\/\/morenovenier.com.ar\/shop\/\",\"sameAs\":[\"https:\/\/www.instagram.com\/morenoyvenier\/\",\"https:\/\/www.facebook.com\/morenoyvenier\"],\"logo\":{\"@type\":\"ImageObject\",\"inLanguage\":\"es\",\"@id\":\"https:\/\/morenovenier.com.ar\/shop\/#\/schema\/logo\/image\/\",\"url\":\"https:\/\/i1.wp.com\/morenovenier.com.ar\/shop\/wp-content\/uploads\/2020\/08\/ss.png?fit=818%2C236&ssl=1\",\"contentUrl\":\"https:\/\/i1.wp.com\/morenovenier.com.ar\/shop\/wp-content\/uploads\/2020\/08\/ss.png?fit=818%2C236&ssl=1\",\"width\":818,\"height\":236,\"caption\":\"Moreno y venier\"},\"image\":{\"@id\":\"https:\/\/morenovenier.com.ar\/shop\/#\/schema\/logo\/image\/\"}}]}<\/script>\n<!-- \/ Yoast SEO plugin. -->","yoast_head_json":{"title":"Vaso Pl\u00e1stico Traslucido 220 cc &ndash; Moreno &amp; Venier Shop","robots":{"index":"index","follow":"follow","max-snippet":"max-snippet:-1","max-image-preview":"max-image-preview:large","max-video-preview":"max-video-preview:-1"},"canonical":"https:\/\/morenovenier.com.ar\/shop\/producto\/vaso-plastico-traslucido-220-cc-x100u\/","og_locale":"es_ES","og_type":"article","og_title":"Vaso Pl\u00e1stico Traslucido 220 cc &ndash; Moreno &amp; Venier Shop","og_description":"Vaso Pl\u00e1stico Descartable. Color Traslucido. Presentaci\u00f3n: Paquete 100u. Capacidad: 220 cc. Medidas. Alto: 10 cm. Di\u00e1metro boca: 7 cm. Por otras medidas consultar a trav\u00e9s de WhatsApp.","og_url":"https:\/\/morenovenier.com.ar\/shop\/producto\/vaso-plastico-traslucido-220-cc-x100u\/","og_site_name":"Moreno &amp; Venier Shop","article_publisher":"https:\/\/www.facebook.com\/morenoyvenier","article_modified_time":"2026-04-14T13:22:53+00:00","og_image":[{"width":985,"height":657,"url":"https:\/\/morenovenier.com.ar\/shop\/wp-content\/uploads\/2021\/11\/220-94.jpg","type":"image\/jpeg"}],"twitter_card":"summary_large_image","twitter_misc":{"Tiempo de lectura":"1 minuto"},"schema":{"@context":"https:\/\/schema.org","@graph":[{"@type":"WebPage","@id":"https:\/\/morenovenier.com.ar\/shop\/producto\/vaso-plastico-traslucido-220-cc-x100u\/","url":"https:\/\/morenovenier.com.ar\/shop\/producto\/vaso-plastico-traslucido-220-cc-x100u\/","name":"Vaso Pl\u00e1stico Traslucido 220 cc &ndash; Moreno &amp; Venier Shop","isPartOf":{"@id":"https:\/\/morenovenier.com.ar\/shop\/#website"},"datePublished":"2021-11-02T20:24:45+00:00","dateModified":"2026-04-14T13:22:53+00:00","breadcrumb":{"@id":"https:\/\/morenovenier.com.ar\/shop\/producto\/vaso-plastico-traslucido-220-cc-x100u\/#breadcrumb"},"inLanguage":"es","potentialAction":[{"@type":"ReadAction","target":["https:\/\/morenovenier.com.ar\/shop\/producto\/vaso-plastico-traslucido-220-cc-x100u\/"]}]},{"@type":"BreadcrumbList","@id":"https:\/\/morenovenier.com.ar\/shop\/producto\/vaso-plastico-traslucido-220-cc-x100u\/#breadcrumb","itemListElement":[{"@type":"ListItem","position":1,"name":"Portada","item":"https:\/\/morenovenier.com.ar\/shop\/"},{"@type":"ListItem","position":2,"name":"Tienda","item":"https:\/\/morenovenier.com.ar\/shop\/mis-productos\/"},{"@type":"ListItem","position":3,"name":"Vaso Pl\u00e1stico Traslucido 220 cc"}]},{"@type":"WebSite","@id":"https:\/\/morenovenier.com.ar\/shop\/#website","url":"https:\/\/morenovenier.com.ar\/shop\/","name":"Moreno &amp; Venier Shop","description":"Comercializamos productos delectables","publisher":{"@id":"https:\/\/morenovenier.com.ar\/shop\/#organization"},"potentialAction":[{"@type":"SearchAction","target":{"@type":"EntryPoint","urlTemplate":"https:\/\/morenovenier.com.ar\/shop\/?s={search_term_string}"},"query-input":"required name=search_term_string"}],"inLanguage":"es"},{"@type":"Organization","@id":"https:\/\/morenovenier.com.ar\/shop\/#organization","name":"Moreno y venier","url":"https:\/\/morenovenier.com.ar\/shop\/","sameAs":["https:\/\/www.instagram.com\/morenoyvenier\/","https:\/\/www.facebook.com\/morenoyvenier"],"logo":{"@type":"ImageObject","inLanguage":"es","@id":"https:\/\/morenovenier.com.ar\/shop\/#\/schema\/logo\/image\/","url":"https:\/\/i1.wp.com\/morenovenier.com.ar\/shop\/wp-content\/uploads\/2020\/08\/ss.png?fit=818%2C236&ssl=1","contentUrl":"https:\/\/i1.wp.com\/morenovenier.com.ar\/shop\/wp-content\/uploads\/2020\/08\/ss.png?fit=818%2C236&ssl=1","width":818,"height":236,"caption":"Moreno y venier"},"image":{"@id":"https:\/\/morenovenier.com.ar\/shop\/#\/schema\/logo\/image\/"}}]}},"_links":{"self":[{"href":"https:\/\/morenovenier.com.ar\/shop\/wp-json\/wp\/v2\/product\/3235"}],"collection":[{"href":"https:\/\/morenovenier.com.ar\/shop\/wp-json\/wp\/v2\/product"}],"about":[{"href":"https:\/\/morenovenier.com.ar\/shop\/wp-json\/wp\/v2\/types\/product"}],"version-history":[{"count":4,"href":"https:\/\/morenovenier.com.ar\/shop\/wp-json\/wp\/v2\/product\/3235\/revisions"}],"predecessor-version":[{"id":4019,"href":"https:\/\/morenovenier.com.ar\/shop\/wp-json\/wp\/v2\/product\/3235\/revisions\/4019"}],"wp:featuredmedia":[{"embeddable":true,"href":"https:\/\/morenovenier.com.ar\/shop\/wp-json\/wp\/v2\/media\/4018"}],"wp:attachment":[{"href":"https:\/\/morenovenier.com.ar\/shop\/wp-json\/wp\/v2\/media?parent=3235"}],"wp:term":[{"taxonomy":"product_cat","embeddable":true,"href":"https:\/\/morenovenier.com.ar\/shop\/wp-json\/wp\/v2\/product_cat?post=3235"},{"taxonomy":"product_tag","embeddable":true,"href":"https:\/\/morenovenier.com.ar\/shop\/wp-json\/wp\/v2\/product_tag?post=3235"}],"curies":[{"name":"wp","href":"https:\/\/api.w.org\/{rel}","templated":true}]}}